{"id":5007,"date":"2021-12-14T14:14:23","date_gmt":"2021-12-14T12:14:23","guid":{"rendered":"https:\/\/frutasbollo.es\/?page_id=5007"},"modified":"2022-03-09T14:37:52","modified_gmt":"2022-03-09T12:37:52","slug":"legal-notice","status":"publish","type":"page","link":"https:\/\/frutasbollo.es\/en\/legal-notice\/","title":{"rendered":"Legal notice"},"content":{"rendered":"\n<div class=\"wp-block-group px-12 mt-12 mb-32 w-2\/3 mx-auto\"><div class=\"wp-block-group__inner-container is-layout-flow wp-block-group-is-layout-flow\">\n<p>En cumplimiento de la Ley 34\/2002, de Servicios de la sociedad de la Informaci\u00f3n y del Comercio Electr\u00f3nico (LSI) informamos que este espacio web est\u00e1 gestionado por Bollo International Fruits, S.L. con domicilio social en Avenida de la Valldigna, s\/n 46791 &#8211; Benifair\u00f3 de la Valldigna. Comunitat Valenciana. Valencia (Espa\u00f1a). Tel. 962 81 04 76<\/p>\n\n\n\n<p>Toda persona que acceda a este sitio web asume el papel de usuario, comprometi\u00e9ndose a la observancia y cumplimiento riguroso de las disposiciones establecidas en el presente Aviso, as\u00ed como a cualquier otra disposici\u00f3n legal que fuera de aplicaci\u00f3n. <\/p>\n\n\n\n<p>EI prestador se reserva el derecho a modificar cualquier tipo de informaci\u00f3n que pudiera aparecer en el sitio web, sin que exista obligaci\u00f3n de preavisar a los usuarios dichas obligaciones, entendi\u00e9ndose como suficiente con la publicaci\u00f3n en el sitio web del prestador. <\/p>\n\n\n\n<p class=\"has-material-brand-color has-text-color\"><br\/><strong>RESPONSABILIDAD <\/strong><\/p>\n\n\n\n<p>EI prestador se exime de cualquier tipo de responsabilidad derivada de la informaci\u00f3n publicada en su sitio web, siempre que esta informaci\u00f3n haya sido manipulada o introducida por un tercero ajeno al mismo. <\/p>\n\n\n\n<p>EI sitio web del prestador puede utilizar cookies (peque\u00f1os archivos de informaci\u00f3n que el servidor enviar\u00e1 al ordenador de quien accede a la p\u00e1gina) para llevar a cabo determinadas funciones que son consideradas imprescindibles para el correcto funcionamiento y visualizaci\u00f3n del sitio. No obstante, puedes conocer de forma detallada cu\u00e1l es el uso de las cookies por parte del sitio web consultando nuestra <a href=\"https:\/\/frutasbollo.es\/politica-de-cookies\/\" data-type=\"page\" data-id=\"19\">pol\u00edtica de cookies.<\/a>\u00a0<\/p>\n\n\n\n<p>Desde el sitio web es posible que se redirija a contenidos de terceros sitios web. Dado que el prestador no puede controlar siempre los contenidos introducidos por los terceros en sus sitios web, \u00e9ste no asume ning\u00fan tipo de responsabilidad respecto a dichos contenidos. En todo caso, el prestador manifiesta que proceder\u00e1 a la retirada inmediata de cualquier contenido que pudiera contravenir la legislaci\u00f3n nacional o internacional, la moral o el orden p\u00fablico, procediendo a la retirada inmediata de la redirecci\u00f3n a dicho sitio web, poniendo en conocimiento de las autoridades competentes el contenido en cuesti\u00f3n. <\/p>\n\n\n\n<p>Este sitio web ha sido revisado y probado para que funcione correctamente. En principio, puede garantizarse el correcto funcionamiento los 365 d\u00edas del a\u00f1o, 24 horas al d\u00eda. No obstante, el prestador no descarta la posibilidad de que existan ciertos errores de programaci\u00f3n, o que acontezcan causas de fuerza mayor, cat\u00e1strofes naturales, huelgas, o circunstancias semejantes que hagan imposible el acceso a la p\u00e1gina web. <\/p>\n\n\n\n<p class=\"has-material-brand-color has-text-color\"><br\/><strong>PROTECCI\u00d3N DE DATOS PERSONALES <\/strong><\/p>\n\n\n\n<p>EI prestador se encuentra profundamente comprometido con el cumplimiento de la normativa espa\u00f1ola de protecci\u00f3n de datos de car\u00e1cter personal, y garantiza el cumplimiento \u00edntegro de las obligaciones dispuestas, as\u00ed como la implementaci\u00f3n de las medidas de seguridad dispuestas por el  Reglamento (UE) 2016\/679 relativo a la protecci\u00f3n de las personas f\u00edsicas en lo que respecta al tratamiento de datos personales y a la libre circulaci\u00f3n de estos datos  y Ley Org\u00e1nica 3\/2018 de Protecci\u00f3n de Datos Personales y garant\u00eda de los derechos digitales.<\/p>\n\n\n\n<p>EI prestador pone a disposici\u00f3n de los usuarios la pol\u00edtica de privacidad de la entidad informando a los usuarios respecto a los siguientes aspectos: <\/p>\n\n\n\n<ul class=\"wp-block-list\"><li>Datos del Responsable del tratamiento. <\/li><li>Datos tratados. <\/li><li>Tipos de tratamiento. <\/li><li>Finalidad del tratamiento.<\/li><li>Legitimaci\u00f3n que nos permite el tratamiento.<\/li><li>Plazos de conservaci\u00f3n de los datos. <\/li><li>Sobre los derechos que asisten a todo usuario y el procedimiento para ejercitarlos. <\/li><\/ul>\n\n\n<p class=\"has-material-brand-color has-text-color\"><br\/><strong>PROPIEDAD INTELECTUAL E INDUSTRIAL <\/strong><\/p>\n\n\n\n<p>EI sitio web, incluyendo a t\u00edtulo enunciativo pero no limitativo su programaci\u00f3n, edici\u00f3n, compilaci\u00f3n y dem\u00e1s elementos necesarios para su funcionamiento, los dise\u00f1os, logotipos, textos y\/o gr\u00e1ficos son propiedad del prestador o en su caso dispone de licencia o autorizaci\u00f3n expresa por parte de los autores. Todos los contenidos del sitio web se encuentran debidamente protegidos por la normativa de propiedad intelectual e industrial, as\u00ed como inscritos en los registros p\u00fablicos correspondientes. <\/p>\n\n\n\n<p>Independientemente de la finalidad para la que fueran destinados, la reproducci\u00f3n total o parcial, uso, explotaci\u00f3n, distribuci\u00f3n y comercializaci\u00f3n, requiere en todo caso de la autorizaci\u00f3n escrita previa por parte del prestador. Cualquier uso no autorizado previamente por parte del prestador ser\u00e1 considerado un incumplimiento grave de los derechos de propiedad intelectual o industrial del autor. <\/p>\n\n\n\n<p>Los dise\u00f1os, logotipos, texto y\/o gr\u00e1ficos ajenos al prestador y que pudieran aparecer en el sitio web, pertenecen a sus respectivos propietarios, siendo ellos mismos responsables de cualquier posible controversia que pudiera suscitarse respecto a los mismos. En todo caso, el prestador cuenta con la autorizaci\u00f3n expresa y previa por parte de estos. <\/p>\n\n\n\n<p>EI prestador autoriza expresamente a que terceros puedan redirigir directamente a los contenidos concretos del sitio web, debiendo en todo caso redirigir al sitio web principal del prestador. <\/p>\n\n\n\n<p>EI prestador reconoce a favor de sus titulares los correspondientes derechos de propiedad industrial e intelectual, no implicando su sola menci\u00f3n o aparici\u00f3n en el sitio web la existencia de derechos o responsabilidad alguna del prestador sobre los mismos, como tampoco respaldo, patrocinio o recomendaci\u00f3n por parte del mismo. <\/p>\n\n\n\n<p>Para realizar cualquier tipo de observaci\u00f3n respecto a posibles incumplimientos de los derechos de propiedad intelectual o industrial, as\u00ed como sobre cualquiera de los contenidos del sitio web, puede hacerlo a trav\u00e9s del siguiente correo electr\u00f3nico:  <a href=\"mailto:info@bollo.es\">info@bollo.es<\/a> <\/p>\n\n\n\n<p class=\"has-material-brand-color has-text-color\"><br\/><strong>LEY APLICABLE Y JURISDICCI\u00d3N <\/strong><\/p>\n\n\n\n<p>Para la resoluci\u00f3n de todas las controversias o cuestiones relacionadas con el presente sitio web o de las actividades en \u00e9l desarrolladas, ser\u00e1 de aplicaci\u00f3n la legislaci\u00f3n espa\u00f1ola, a la que se someten expresamente las partes, siendo competentes para la resoluci\u00f3n de todos los conflictos derivados o relacionados con su uso los Juzgados y Tribunales de Valencia.<\/p>\n<\/div><\/div>\n","protected":false},"excerpt":{"rendered":"<p>En cumplimiento de la Ley 34\/2002, de Servicios de la sociedad de la Informaci\u00f3n y del Comercio Electr\u00f3nico (LSI) informamos que este espacio web est\u00e1 gestionado por Bollo International Fruits, S.L. con domicilio social en Avenida de la Valldigna, s\/n 46791 &#8211; Benifair\u00f3 de la Valldigna. Comunitat Valenciana. Valencia (Espa\u00f1a). Tel. 962 81 04 76 [&hellip;]<\/p>\n","protected":false},"author":1,"featured_media":0,"parent":0,"menu_order":0,"comment_status":"closed","ping_status":"closed","template":"","meta":{"footnotes":""},"class_list":["post-5007","page","type-page","status-publish","hentry"],"_links":{"self":[{"href":"https:\/\/frutasbollo.es\/en\/wp-json\/wp\/v2\/pages\/5007","targetHints":{"allow":["GET"]}}],"collection":[{"href":"https:\/\/frutasbollo.es\/en\/wp-json\/wp\/v2\/pages"}],"about":[{"href":"https:\/\/frutasbollo.es\/en\/wp-json\/wp\/v2\/types\/page"}],"author":[{"embeddable":true,"href":"https:\/\/frutasbollo.es\/en\/wp-json\/wp\/v2\/users\/1"}],"replies":[{"embeddable":true,"href":"https:\/\/frutasbollo.es\/en\/wp-json\/wp\/v2\/comments?post=5007"}],"version-history":[{"count":12,"href":"https:\/\/frutasbollo.es\/en\/wp-json\/wp\/v2\/pages\/5007\/revisions"}],"predecessor-version":[{"id":6719,"href":"https:\/\/frutasbollo.es\/en\/wp-json\/wp\/v2\/pages\/5007\/revisions\/6719"}],"wp:attachment":[{"href":"https:\/\/frutasbollo.es\/en\/wp-json\/wp\/v2\/media?parent=5007"}],"curies":[{"name":"wp","href":"https:\/\/api.w.org\/{rel}","templated":true}]}}