{"id":5031,"date":"2021-12-14T16:27:52","date_gmt":"2021-12-14T14:27:52","guid":{"rendered":"https:\/\/frutasbollo.es\/?page_id=5031"},"modified":"2024-03-04T17:45:33","modified_gmt":"2024-03-04T15:45:33","slug":"accueil","status":"publish","type":"page","link":"https:\/\/frutasbollo.es\/fr\/","title":{"rendered":"Accueil"},"content":{"rendered":"\n<div class=\"wp-block-cover alignfull h-screen\"><span aria-hidden=\"true\" class=\"wp-block-cover__background has-background-dim-0 has-background-dim\"><\/span><img decoding=\"async\" width=\"1920\" height=\"1080\" class=\"wp-block-cover__image-background wp-image-1429\" alt=\"\" src=\"https:\/\/frutasbollo.es\/wp-content\/uploads\/2021\/09\/100-sello.png\" style=\"object-position:100% 45%\" data-object-fit=\"cover\" data-object-position=\"100% 45%\" srcset=\"https:\/\/frutasbollo.es\/wp-content\/uploads\/2021\/09\/100-sello.png 1920w, https:\/\/frutasbollo.es\/wp-content\/uploads\/2021\/09\/100-sello-300x169.png 300w, https:\/\/frutasbollo.es\/wp-content\/uploads\/2021\/09\/100-sello-1024x576.png 1024w, https:\/\/frutasbollo.es\/wp-content\/uploads\/2021\/09\/100-sello-768x432.png 768w, https:\/\/frutasbollo.es\/wp-content\/uploads\/2021\/09\/100-sello-1536x864.png 1536w\" sizes=\"(max-width: 1920px) 100vw, 1920px\" \/><div class=\"wp-block-cover__inner-container is-layout-flow wp-block-cover-is-layout-flow\">\n<div class=\"wp-block-group alignwide years-100\"><div class=\"wp-block-group__inner-container is-layout-flow wp-block-group-is-layout-flow\">\n<p><\/p>\n\n\n\n<p><\/p>\n\n\n\n<h1 class=\"text-4xl sm:text-5xl font-brand font-bold mb-1 md:mb-10 has-text-color wp-block-heading\" style=\"color:#000000\" data-aos=\"fade-right\">100 ans remplis<br>de moments sucr\u00e9s<\/h1>\n\n\n\n<p class=\"text-1xl sm:text-2xl mb-6 md:mb-44 has-text-color\" style=\"color:#000000\" data-aos=\"fade-right\">100 ans remplis d&rsquo;enthousiasme, de tradition, d&rsquo;innovation et d&rsquo;efforts constants ont fait de nous une v\u00e9ritable r\u00e9f\u00e9rence dans le domaine du fruit. Parce qu&rsquo;au-del\u00e0 d&rsquo;un go\u00fbt et d&rsquo;une qualit\u00e9 exceptionnels, nous nous engageons pour le bien-\u00eatre social et l&rsquo;environnement, mais aussi pour garantir \u00e0 tous nos clients les meilleurs fruits.<\/p>\n<\/div><\/div>\n<\/div><\/div>\n\n\n<div class=\"\">\n\t<div class=\"slide_fruits relative\">\n\t\t\t\t\t<div class=\"relative container_slide \">\n\t\t\t\t<div\n\t\t\t\t\tclass=\"container mx-auto relative z-20  flex flex-col sm:flex-row\">\n\t\t\t\t\t\t\t\t\t\t\t<div class=\"mx-auto w-full sm:w-1\/2 relative \">\n\t\t\t\t\t\t<img decoding=\"async\" src=\"https:\/\/frutasbollo.es\/wp-content\/uploads\/2021\/07\/letra_melon.png\" alt=\"Mel\u00f3n\" class=\"img-text \">\n\t\t\t\t\t\t<img decoding=\"async\" src=\"https:\/\/frutasbollo.es\/wp-content\/uploads\/2021\/10\/melones-bollo-piel-de-sapo-1.png\" alt=\"Mel\u00f3n\" class=\"img-composed\">\n\t\t\t\t\t\t<img decoding=\"async\" src=\"https:\/\/frutasbollo.es\/wp-content\/uploads\/2021\/10\/00-Melon-Bollo-1-1.png\" alt=\"Mel\u00f3n\"\n\t\t\t\t\t\t\t class=\"w-2\/3 absolute -bottom-20 -right-12 lg:-bottom-24 lg:-right-64 invisible lg:visible\">\n\t\t\t\t\t\t<\/div>\t\t\t\t\t<div class=\"w-full sm:w-1\/2  \">\n\t\t\t\t\t\t<label\n\t\t\t\t\t\t\tclass=\"sm:hidden block font-brand text-brand font-bold text-2xl mt-12\">Mel\u00f3n<\/label>\n\t\t\t\t\t\t<p class=\"text text-base md:text-xl lg:text-2xl font-lato \">\n\t\t\t\t\t\t\tFresco, jugoso, con un sabor especial. Esa es la fama que nos hemos ganado desde 1922 con nuestro Mel\u00f3n Bollo Etiqueta Negra que nos ha convertido en el referente de los melones de alta gama.\t\t\t\t\t\t<\/p>\n\t\t\t\t\t\t<a href=\"https:\/\/frutasbollo.es\/tipo-fruta\/melon\/\">Tipos de mel\u00f3n<\/a>\n\t\t\t\t\t<\/div>\n\t\t\t\t\t\t\t\t\t<\/div>\n\t\t\t\t<div class=\"angle-img z-10 invisible xl:visible\">\n\t\t\t\t\t<div style=\"background-image: url(https:\/\/frutasbollo.es\/wp-content\/uploads\/2021\/09\/01_bollo-row1-melon-piel-de-sapo.jpg); \" class=\" back-angle  \">\n\t\t\t\t\t\t<div><\/div>\n\t\t\t\t\t<\/div>\n\t\t\t\t\t<a href=\"https:\/\/frutasbollo.es\/tipo-fruta\/melon\/\" class=\"\"><span class=\"link_more\">+<\/span><\/a>\n\t\t\t\t<\/div>\n\t\t\t<\/div>\n\t\t\t\t\t\t<div class=\"relative container_slide alt\">\n\t\t\t\t<div\n\t\t\t\t\tclass=\"container mx-auto relative z-20  flex flex-col-reverse sm:flex-row\">\n\t\t\t\t\t\t\t\t\t\t<div class=\"w-full sm:w-1\/2  \">\n\t\t\t\t\t\t<label\n\t\t\t\t\t\t\tclass=\"sm:hidden block font-brand text-brand font-bold text-2xl mt-12\">C\u00edtricos<\/label>\n\t\t\t\t\t\t<p class=\"text text-base md:text-xl lg:text-2xl font-lato \">\n\t\t\t\t\t\t\tDe los mejores campos de la Comunidad Valenciana y del sur de Espa\u00f1a crecen gran parte de todos nuestros c\u00edtricos. Disponemos de m\u00e1s de 1200 ha de cultivo propio en los preciosos parajes de esta comunidad, tanto por el clima como por la calidad del suelo, las condiciones de cultivo son ideales para obtener los mejores c\u00edtricos.\t\t\t\t\t\t<\/p>\n\t\t\t\t\t\t<a href=\"https:\/\/frutasbollo.es\/tipo-fruta\/citricos\/\">Tipos de c\u00edtricos<\/a>\n\t\t\t\t\t<\/div>\n\t\t\t\t\t\t\t\t\t\t\t<div class=\"mx-auto w-full sm:w-1\/2 relative \">\n\t\t\t\t\t\t<img decoding=\"async\" src=\"https:\/\/frutasbollo.es\/wp-content\/uploads\/2021\/09\/C_citricos.png\" alt=\"C\u00edtricos\" class=\"img-text \">\n\t\t\t\t\t\t<img decoding=\"async\" src=\"https:\/\/frutasbollo.es\/wp-content\/uploads\/2021\/10\/citricos-1.png\" alt=\"C\u00edtricos\" class=\"img-composed\">\n\t\t\t\t\t\t<img decoding=\"async\" src=\"https:\/\/frutasbollo.es\/wp-content\/uploads\/2022\/03\/04-Mandarinas-frutas-bollo-2.png\" alt=\"C\u00edtricos\"\n\t\t\t\t\t\t\t class=\"w-2\/3 absolute -bottom-20 -right-12 lg:-bottom-24 lg:-left-64 invisible lg:visible\">\n\t\t\t\t\t\t<\/div>\t\t\t\t<\/div>\n\t\t\t\t<div class=\"angle-img z-10 invisible xl:visible\">\n\t\t\t\t\t<div style=\"background-image: url(https:\/\/frutasbollo.es\/wp-content\/uploads\/2021\/09\/04_bollo-row2-producto-citrico.jpg); \" class=\" back-angle  \">\n\t\t\t\t\t\t<div><\/div>\n\t\t\t\t\t<\/div>\n\t\t\t\t\t<a href=\"https:\/\/frutasbollo.es\/tipo-fruta\/citricos\/\" class=\"\"><span class=\"link_more\">+<\/span><\/a>\n\t\t\t\t<\/div>\n\t\t\t<\/div>\n\t\t\t\t\t\t<div class=\"relative container_slide \">\n\t\t\t\t<div\n\t\t\t\t\tclass=\"container mx-auto relative z-20  flex flex-col sm:flex-row\">\n\t\t\t\t\t\t\t\t\t\t\t<div class=\"mx-auto w-full sm:w-1\/2 relative \">\n\t\t\t\t\t\t<img decoding=\"async\" src=\"https:\/\/frutasbollo.es\/wp-content\/uploads\/2021\/09\/sandia.png\" alt=\"Sand\u00eda\" class=\"img-text \">\n\t\t\t\t\t\t<img decoding=\"async\" src=\"https:\/\/frutasbollo.es\/wp-content\/uploads\/2021\/10\/sandia.png\" alt=\"Sand\u00eda\" class=\"img-composed\">\n\t\t\t\t\t\t<img decoding=\"async\" src=\"https:\/\/frutasbollo.es\/wp-content\/uploads\/2021\/09\/00-Sandia-Bollo.png\" alt=\"Sand\u00eda\"\n\t\t\t\t\t\t\t class=\"w-2\/3 absolute -bottom-20 -right-12 lg:-bottom-24 lg:-right-64 invisible lg:visible\">\n\t\t\t\t\t\t<\/div>\t\t\t\t\t<div class=\"w-full sm:w-1\/2  \">\n\t\t\t\t\t\t<label\n\t\t\t\t\t\t\tclass=\"sm:hidden block font-brand text-brand font-bold text-2xl mt-12\">Sand\u00eda<\/label>\n\t\t\t\t\t\t<p class=\"text text-base md:text-xl lg:text-2xl font-lato \">\n\t\t\t\t\t\t\tAl igual que nuestros melones, la sand\u00eda BOLLO es una de nuestras especialidades y referencia en el sector. Hasta la fecha hemos cultivamos nuestras deliciosas sand\u00edas en los mejores campos de Almer\u00eda, Murcia, Castilla la Mancha y Senegal para ofrecer la mejor calidad y sabor durante el m\u00e1ximo tiempo posible al a\u00f1o.\t\t\t\t\t\t<\/p>\n\t\t\t\t\t\t<a href=\"https:\/\/frutasbollo.es\/tipo-fruta\/sandia\/\">Tipos de sand\u00eda<\/a>\n\t\t\t\t\t<\/div>\n\t\t\t\t\t\t\t\t\t<\/div>\n\t\t\t\t<div class=\"angle-img z-10 invisible xl:visible\">\n\t\t\t\t\t<div style=\"background-image: url(https:\/\/frutasbollo.es\/wp-content\/uploads\/2021\/09\/06_bollo-row3-producto-sandia.jpg); \" class=\" back-angle  \">\n\t\t\t\t\t\t<div><\/div>\n\t\t\t\t\t<\/div>\n\t\t\t\t\t<a href=\"https:\/\/frutasbollo.es\/tipo-fruta\/sandia\/\" class=\"\"><span class=\"link_more\">+<\/span><\/a>\n\t\t\t\t<\/div>\n\t\t\t<\/div>\n\t\t\t\t\t\t<div class=\"relative container_slide alt\">\n\t\t\t\t<div\n\t\t\t\t\tclass=\"container mx-auto relative z-20  flex flex-col-reverse sm:flex-row\">\n\t\t\t\t\t\t\t\t\t\t<div class=\"w-full sm:w-1\/2  \">\n\t\t\t\t\t\t<label\n\t\t\t\t\t\t\tclass=\"sm:hidden block font-brand text-brand font-bold text-2xl mt-12\">Tropical<\/label>\n\t\t\t\t\t\t<p class=\"text text-base md:text-xl lg:text-2xl font-lato \">\n\t\t\t\t\t\t\tLos aguacates y mangos Bollo Fruits forman parte de nuestra producci\u00f3n, siendo una de nuestras frutas top durante estos \u00faltimos a\u00f1os, debido a su calidad y sabor se han hecho hueco en los lineales de las fruter\u00edas y supermercados que cuentan con la mejor calidad&#8230; la variedad Hass con denominaci\u00f3n de origen en una de las mejores zonas de Espa\u00f1a, para ofreceros la mejor selecci\u00f3n.\t\t\t\t\t\t<\/p>\n\t\t\t\t\t\t<a href=\"https:\/\/frutasbollo.es\/tipo-fruta\/tropical\/\">Tipos de fruta tropical<\/a>\n\t\t\t\t\t<\/div>\n\t\t\t\t\t\t\t\t\t\t\t<div class=\"mx-auto w-full sm:w-1\/2 relative \">\n\t\t\t\t\t\t<img decoding=\"async\" src=\"https:\/\/frutasbollo.es\/wp-content\/uploads\/2021\/09\/tropical.png\" alt=\"Tropical\" class=\"img-text \">\n\t\t\t\t\t\t<img decoding=\"async\" src=\"https:\/\/frutasbollo.es\/wp-content\/uploads\/2021\/10\/fruta-tropical-N.png\" alt=\"Tropical\" class=\"img-composed\">\n\t\t\t\t\t\t<img decoding=\"async\" src=\"https:\/\/frutasbollo.es\/wp-content\/uploads\/2021\/10\/04-Tropical-Aguacate-Bollo-2c-2.png\" alt=\"Tropical\"\n\t\t\t\t\t\t\t class=\"w-2\/3 absolute -bottom-20 -right-12 lg:-bottom-24 lg:-left-64 invisible lg:visible\">\n\t\t\t\t\t\t<\/div>\t\t\t\t<\/div>\n\t\t\t\t<div class=\"angle-img z-10 invisible xl:visible\">\n\t\t\t\t\t<div style=\"background-image: url(https:\/\/frutasbollo.es\/wp-content\/uploads\/2021\/09\/08_bollo-row4-producto-tropical.jpg); \" class=\" back-angle  \">\n\t\t\t\t\t\t<div><\/div>\n\t\t\t\t\t<\/div>\n\t\t\t\t\t<a href=\"https:\/\/frutasbollo.es\/tipo-fruta\/tropical\/\" class=\"\"><span class=\"link_more\">+<\/span><\/a>\n\t\t\t\t<\/div>\n\t\t\t<\/div>\n\t\t\t\t\t\t<div class=\"relative container_slide \">\n\t\t\t\t<div\n\t\t\t\t\tclass=\"container mx-auto relative z-20  flex flex-col sm:flex-row\">\n\t\t\t\t\t\t\t\t\t\t\t<div class=\"mx-auto w-full sm:w-1\/2 relative \">\n\t\t\t\t\t\t<img decoding=\"async\" src=\"https:\/\/frutasbollo.es\/wp-content\/uploads\/2021\/09\/verano.png\" alt=\"Verano\" class=\"img-text \">\n\t\t\t\t\t\t<img decoding=\"async\" src=\"https:\/\/frutasbollo.es\/wp-content\/uploads\/2021\/10\/fruta-de-verano-1.png\" alt=\"Verano\" class=\"img-composed\">\n\t\t\t\t\t\t<img decoding=\"async\" src=\"https:\/\/frutasbollo.es\/wp-content\/uploads\/2022\/03\/melocoton-sin-fondo-blanco_frutas-de-verano-2.png\" alt=\"Verano\"\n\t\t\t\t\t\t\t class=\"w-2\/3 absolute -bottom-20 -right-12 lg:-bottom-24 lg:-right-64 invisible lg:visible\">\n\t\t\t\t\t\t<\/div>\t\t\t\t\t<div class=\"w-full sm:w-1\/2  \">\n\t\t\t\t\t\t<label\n\t\t\t\t\t\t\tclass=\"sm:hidden block font-brand text-brand font-bold text-2xl mt-12\">Verano<\/label>\n\t\t\t\t\t\t<p class=\"text text-base md:text-xl lg:text-2xl font-lato \">\n\t\t\t\t\t\t\t\u00bfVerdad que cuando llega el verano te apetece la fruta de temporada? Si es as\u00ed tenemos las mejores cerezas, melocotones, nectarinas o paraguayos. Frutas de tama\u00f1o grande, seleccionadas una a una para nuestra colecci\u00f3n Bollo Privilege. Si las pruebas ya no vas a querer otras. Cuando llega el calor podemos disfrutar de la fruta con hueso en todas su variedades y BOLLO complementa su surtido con todas ellas.\t\t\t\t\t\t<\/p>\n\t\t\t\t\t\t<a href=\"https:\/\/frutasbollo.es\/tipo-fruta\/verano\/\">Tipos de fruta de verano<\/a>\n\t\t\t\t\t<\/div>\n\t\t\t\t\t\t\t\t\t<\/div>\n\t\t\t\t<div class=\"angle-img z-10 invisible xl:visible\">\n\t\t\t\t\t<div style=\"background-image: url(https:\/\/frutasbollo.es\/wp-content\/uploads\/2021\/12\/fruta-hueso-exportacion-1.jpg); \" class=\" back-angle  \">\n\t\t\t\t\t\t<div><\/div>\n\t\t\t\t\t<\/div>\n\t\t\t\t\t<a href=\"https:\/\/frutasbollo.es\/tipo-fruta\/verano\/\" class=\"\"><span class=\"link_more\">+<\/span><\/a>\n\t\t\t\t<\/div>\n\t\t\t<\/div>\n\t\t\t\t\t\t<div class=\"relative container_slide alt\">\n\t\t\t\t<div\n\t\t\t\t\tclass=\"container mx-auto relative z-20  flex flex-col-reverse sm:flex-row\">\n\t\t\t\t\t\t\t\t\t\t<div class=\"w-full sm:w-1\/2  \">\n\t\t\t\t\t\t<label\n\t\t\t\t\t\t\tclass=\"sm:hidden block font-brand text-brand font-bold text-2xl mt-12\">Otras frutas y verduras<\/label>\n\t\t\t\t\t\t<p class=\"text text-base md:text-xl lg:text-2xl font-lato \">\n\t\t\t\t\t\t\tEn Bollo contamos con otros tipos de frutas y verduras seg\u00fan temporadas de recolecta y consumo. Tanto en primavera como en verano, oto\u00f1o o invierno, disponemos de las distintas variedades de temporada para satisfacer la demanda de cada cliente. Contamos con otras frutas y verduras de temporada como por ejemplo el caqui, la granada, la calabaza o boniato o uvas, entre otras muchas. \t\t\t\t\t\t<\/p>\n\t\t\t\t\t\t<a href=\"https:\/\/frutasbollo.es\/tipo-fruta\/otras-frutas-y-verduras\/\">Otros productos<\/a>\n\t\t\t\t\t<\/div>\n\t\t\t\t\t\t\t\t\t\t\t<div class=\"mx-auto w-full sm:w-1\/2 relative \">\n\t\t\t\t\t\t<img decoding=\"async\" src=\"https:\/\/frutasbollo.es\/wp-content\/uploads\/2021\/10\/P_otros.png\" alt=\"Otras frutas y verduras\" class=\"img-text \">\n\t\t\t\t\t\t<img decoding=\"async\" src=\"https:\/\/frutasbollo.es\/wp-content\/uploads\/2023\/01\/otros-productos-2-2.webp\" alt=\"Otras frutas y verduras\" class=\"img-composed\">\n\t\t\t\t\t\t<img decoding=\"async\" src=\"https:\/\/frutasbollo.es\/wp-content\/uploads\/2023\/01\/granada-3.webp\" alt=\"Otras frutas y verduras\"\n\t\t\t\t\t\t\t class=\"w-2\/3 absolute -bottom-20 -right-12 lg:-bottom-24 lg:-left-64 invisible lg:visible\">\n\t\t\t\t\t\t<\/div>\t\t\t\t<\/div>\n\t\t\t\t<div class=\"angle-img z-10 invisible xl:visible\">\n\t\t\t\t\t<div style=\"background-image: url(https:\/\/frutasbollo.es\/wp-content\/uploads\/2021\/09\/12_bollo-row6-producto-otros.jpg); \" class=\" back-angle  \">\n\t\t\t\t\t\t<div><\/div>\n\t\t\t\t\t<\/div>\n\t\t\t\t\t<a href=\"https:\/\/frutasbollo.es\/tipo-fruta\/otras-frutas-y-verduras\/\" class=\"\"><span class=\"link_more\">+<\/span><\/a>\n\t\t\t\t<\/div>\n\t\t\t<\/div>\n\t\t\t\t<\/div>\n<\/div>\n\n\n\n<div class=\"wp-block-cover alignfull -mt-4 z-10 h-screen p-0 items-stretch\"><span aria-hidden=\"true\" class=\"wp-block-cover__background has-background-dim-0 has-background-dim\"><\/span><img decoding=\"async\" width=\"1920\" height=\"1145\" class=\"wp-block-cover__image-background wp-image-1205\" alt=\"\" src=\"https:\/\/frutasbollo.es\/wp-content\/uploads\/2021\/09\/05_bollo-row3-home-1.png\" style=\"object-position:50% 0%\" data-object-fit=\"cover\" data-object-position=\"50% 0%\" srcset=\"https:\/\/frutasbollo.es\/wp-content\/uploads\/2021\/09\/05_bollo-row3-home-1.png 1920w, https:\/\/frutasbollo.es\/wp-content\/uploads\/2021\/09\/05_bollo-row3-home-1-300x179.png 300w, https:\/\/frutasbollo.es\/wp-content\/uploads\/2021\/09\/05_bollo-row3-home-1-1024x611.png 1024w, https:\/\/frutasbollo.es\/wp-content\/uploads\/2021\/09\/05_bollo-row3-home-1-768x458.png 768w, https:\/\/frutasbollo.es\/wp-content\/uploads\/2021\/09\/05_bollo-row3-home-1-1536x916.png 1536w\" sizes=\"(max-width: 1920px) 100vw, 1920px\" \/><div class=\"wp-block-cover__inner-container is-layout-flow wp-block-cover-is-layout-flow\">\n<div class=\"wp-block-columns m-0 h-full width-col-responsive is-layout-flex wp-container-core-columns-is-layout-1 wp-block-columns-is-layout-flex\">\n<div class=\"wp-block-column is-layout-flow wp-block-column-is-layout-flow\"><\/div>\n\n\n\n<div class=\"wp-block-column is-vertically-aligned-top text-center h-full is-layout-flow wp-block-column-is-layout-flow\">\n<div class=\"wp-block-cover h-full p-0\" data-aos-duration=\"1100\" data-aos=\"fade-left\"><span aria-hidden=\"true\" class=\"wp-block-cover__background has-background-dim-0 has-background-dim\"><\/span><img decoding=\"async\" width=\"960\" height=\"1153\" class=\"wp-block-cover__image-background wp-image-1612\" alt=\"\" src=\"https:\/\/frutasbollo.es\/wp-content\/uploads\/2021\/10\/06_bollo-hover_row3-home.png\" style=\"object-position:100% 100%\" data-object-fit=\"cover\" data-object-position=\"100% 100%\" srcset=\"https:\/\/frutasbollo.es\/wp-content\/uploads\/2021\/10\/06_bollo-hover_row3-home.png 960w, https:\/\/frutasbollo.es\/wp-content\/uploads\/2021\/10\/06_bollo-hover_row3-home-250x300.png 250w, https:\/\/frutasbollo.es\/wp-content\/uploads\/2021\/10\/06_bollo-hover_row3-home-853x1024.png 853w, https:\/\/frutasbollo.es\/wp-content\/uploads\/2021\/10\/06_bollo-hover_row3-home-768x922.png 768w\" sizes=\"(max-width: 960px) 100vw, 960px\" \/><div class=\"wp-block-cover__inner-container is-layout-flow wp-block-cover-is-layout-flow\">\n<div class=\"wp-block-group lg:w-3\/4 xl:w-2\/3 mx-auto px-6\" data-aos-delay=\"1100\" data-aos=\"zoom-in-up\"><div class=\"wp-block-group__inner-container is-layout-flow wp-block-group-is-layout-flow\">\n<h2 class=\"wp-block-heading has-text-align-center text-brand text-4xl sm:text-5xl font-brand font-bold mb-14 has-text-color\" style=\"color:#e6007d\">Engag\u00e9s dans la durabilit\u00e9<\/h2>\n\n\n\n<p class=\"has-text-align-center font-lato text-2xl m-14 has-text-color\" style=\"color:#000000\">Chez Bollo, nous faisons partie d&rsquo;une grande entreprise engag\u00e9e dans la cha\u00eene d&rsquo;approvisionnement, le bien-\u00eatre et l&rsquo;inclusion, la biodiversit\u00e9, l&#8217;empreinte hydrique et la neutralit\u00e9 carbone.<\/p>\n\n\n\n<div class=\"wp-block-buttons is-horizontal is-content-justification-center is-layout-flex wp-container-core-buttons-is-layout-1 wp-block-buttons-is-layout-flex\">\n<div class=\"wp-block-button alt\"><a class=\"wp-block-button__link has-text-color wp-element-button\" href=\"https:\/\/thenaturalfruit.com\/sustainability\/\" style=\"color:#000000\" target=\"_blank\" rel=\"noreferrer noopener\">D\u00e9couvrez comment<\/a><\/div>\n<\/div>\n<\/div><\/div>\n<\/div><\/div>\n<\/div>\n<\/div>\n<\/div><\/div>\n\n\n\n<div class=\"wp-block-cover alignfull h-screen -mt-4 z-10 min-h-640\"><span aria-hidden=\"true\" class=\"wp-block-cover__background has-background-dim-0 has-background-dim\"><\/span><img decoding=\"async\" width=\"1920\" height=\"1145\" class=\"wp-block-cover__image-background wp-image-9147\" alt=\"\" src=\"https:\/\/frutasbollo.es\/wp-content\/uploads\/2022\/12\/07_bollo-row4-home-2.png\" style=\"object-position:50% 0%\" data-object-fit=\"cover\" data-object-position=\"50% 0%\" srcset=\"https:\/\/frutasbollo.es\/wp-content\/uploads\/2022\/12\/07_bollo-row4-home-2.png 1920w, https:\/\/frutasbollo.es\/wp-content\/uploads\/2022\/12\/07_bollo-row4-home-2-300x179.png 300w, https:\/\/frutasbollo.es\/wp-content\/uploads\/2022\/12\/07_bollo-row4-home-2-1024x611.png 1024w, https:\/\/frutasbollo.es\/wp-content\/uploads\/2022\/12\/07_bollo-row4-home-2-768x458.png 768w, https:\/\/frutasbollo.es\/wp-content\/uploads\/2022\/12\/07_bollo-row4-home-2-1536x916.png 1536w\" sizes=\"(max-width: 1920px) 100vw, 1920px\" \/><div class=\"wp-block-cover__inner-container is-layout-flow wp-block-cover-is-layout-flow\">\n<div class=\"wp-block-group\" data-aos=\"fade-up\"><div class=\"wp-block-group__inner-container is-layout-flow wp-block-group-is-layout-flow\">\n<h2 class=\"wp-block-heading has-text-align-center text-white text-5xl font-brand font-bold m-12\">D\u00e9couvrez nos<br>recettes saines<\/h2>\n\n\n\n<p class=\"has-text-align-center font-lato text-2xl\">Nous travaillons chaque jour \u00e0 la promotion de r\u00e9gimes et de modes de vie sains.<\/p>\n\n\n\n<p class=\"has-text-align-center font-lato text-2xl\"><\/p>\n\n\n\n<div class=\"wp-block-buttons mt-16 is-horizontal is-content-justification-center is-layout-flex wp-container-core-buttons-is-layout-2 wp-block-buttons-is-layout-flex\">\n<div class=\"wp-block-button\"><a class=\"wp-block-button__link wp-element-button\" href=\"https:\/\/frutasbollo.es\/fr\/recettes\/\">Cuisine saine<\/a><\/div>\n<\/div>\n<\/div><\/div>\n<\/div><\/div>\n\n\n\n<div class=\"wp-block-group h-screen -mt-4 bg-cut z-10 flex items-center justify-center relative pt-6 auto-640 pb-12 mb-32 lg:mb-0\" data-aos=\"zoom-in-up\"><div class=\"wp-block-group__inner-container is-layout-flow wp-block-group-is-layout-flow\">\n<h2 class=\"wp-block-heading has-text-align-center text-brand text-5xl font-brand font-bold m-6 sm:m-12\">Contact<\/h2>\n\n\n\n<p class=\"has-text-align-center mb-12\">\u00c9crivez-nous ou appelez-nous pour toute question que vous pourriez avoir,<br>nous nous ferons un plaisir de vous aider.<\/p>\n\n\n\n<div class=\"wp-block-columns alignwide is-layout-flex wp-container-core-columns-is-layout-2 wp-block-columns-is-layout-flex\">\n<div class=\"wp-block-column mb-2 is-layout-flow wp-block-column-is-layout-flow\"><a href=\"\" class=\"no-decor\">\n\t<div class=\" round_icon\">\n\t\t<i class=\"icon-send round\" style=\"font-size: 24px;\"><\/i>\n\t<\/div>\n<\/a>\n\n\n\n<p class=\"has-text-align-center text-xl font-roboto\"><strong><em>Envoyez un e-mail<\/em><\/strong><\/p>\n\n\n\n<p class=\"has-text-align-center font-light\"><a href=\"mailto:info@bollo.es\">info@bollo.es<\/a><\/p>\n<\/div>\n\n\n\n<div class=\"wp-block-column mb-2 is-layout-flow wp-block-column-is-layout-flow\"><a href=\"\" class=\"no-decor\">\n\t<div class=\" round_icon\">\n\t\t<i class=\"icon-smartphone round\" style=\"font-size: 24px;\"><\/i>\n\t<\/div>\n<\/a>\n\n\n\n<p class=\"has-text-align-center text-xl font-roboto\"><strong><em>Appelez-nous au<\/em><\/strong><\/p>\n\n\n\n<p class=\"has-text-align-center font-light\"><a href=\"tel:+34962810476\" data-type=\"tel\" data-id=\"tel:+34962810476\">+34 96 281 04 76<\/a><\/p>\n<\/div>\n\n\n\n<div class=\"wp-block-column mb-2 is-layout-flow wp-block-column-is-layout-flow\"><a href=\"\" class=\"no-decor\">\n\t<div class=\" round_icon\">\n\t\t<i class=\"icon-map round\" style=\"font-size: 24px;\"><\/i>\n\t<\/div>\n<\/a>\n\n\n\n<p class=\"has-text-align-center text-xl font-roboto\"><strong><em>Comment s&rsquo;y rendre<\/em><\/strong><\/p>\n\n\n\n<p class=\"has-text-align-center font-light\"><a href=\"https:\/\/g.page\/bollofruits?share\" data-type=\"URL\" data-id=\"https:\/\/g.page\/bollofruits?share\" target=\"_blank\" rel=\"noreferrer noopener\">Av. de la Valldigna s\/n<\/a><\/p>\n<\/div>\n<\/div>\n\n\n\n<div class=\"wp-block-group alignwide px-4\"><div class=\"wp-block-group__inner-container is-layout-flow wp-block-group-is-layout-flow\">\n<p>Bollo International Fruits, S.L. est responsable du traitement des donn\u00e9es fournies afin de g\u00e9rer toute demande d\u2019informations, doutes, requ\u00eates ou suggestions que vous nous transmettez via les canaux de contact avec notre soci\u00e9t\u00e9, sur la base du consentement exprim\u00e9 lors de l\u2019envoi de ces informations. Vous pouvez exercer vos droits d\u2019acc\u00e8s, de rectification, de suppression, d\u2019opposition, de limitation et de portabilit\u00e9 comme expliqu\u00e9 dans les informations suppl\u00e9mentaires sur la <a href=\"https:\/\/frutasbollo.es\/fr\/politique-de-confidentialite\/\" data-type=\"page\" data-id=\"5072\">protection des donn\u00e9es<\/a><\/p>\n<\/div><\/div>\n<\/div><\/div>\n","protected":false},"excerpt":{"rendered":"<p>Contact \u00c9crivez-nous ou appelez-nous pour toute question que vous pourriez avoir,nous nous ferons un plaisir de vous aider. Envoyez un e-mail info@bollo.es Appelez-nous au +34 96 281 04 76 Comment s&rsquo;y rendre Av. de la Valldigna s\/n Bollo International Fruits, S.L. est responsable du traitement des donn\u00e9es fournies afin de g\u00e9rer toute demande d\u2019informations, doutes, [&hellip;]<\/p>\n","protected":false},"author":1,"featured_media":0,"parent":0,"menu_order":0,"comment_status":"closed","ping_status":"closed","template":"","meta":{"footnotes":""},"class_list":["post-5031","page","type-page","status-publish","hentry"],"_links":{"self":[{"href":"https:\/\/frutasbollo.es\/fr\/wp-json\/wp\/v2\/pages\/5031","targetHints":{"allow":["GET"]}}],"collection":[{"href":"https:\/\/frutasbollo.es\/fr\/wp-json\/wp\/v2\/pages"}],"about":[{"href":"https:\/\/frutasbollo.es\/fr\/wp-json\/wp\/v2\/types\/page"}],"author":[{"embeddable":true,"href":"https:\/\/frutasbollo.es\/fr\/wp-json\/wp\/v2\/users\/1"}],"replies":[{"embeddable":true,"href":"https:\/\/frutasbollo.es\/fr\/wp-json\/wp\/v2\/comments?post=5031"}],"version-history":[{"count":13,"href":"https:\/\/frutasbollo.es\/fr\/wp-json\/wp\/v2\/pages\/5031\/revisions"}],"predecessor-version":[{"id":10446,"href":"https:\/\/frutasbollo.es\/fr\/wp-json\/wp\/v2\/pages\/5031\/revisions\/10446"}],"wp:attachment":[{"href":"https:\/\/frutasbollo.es\/fr\/wp-json\/wp\/v2\/media?parent=5031"}],"curies":[{"name":"wp","href":"https:\/\/api.w.org\/{rel}","templated":true}]}}