{"id":5069,"date":"2021-12-16T10:36:23","date_gmt":"2021-12-16T08:36:23","guid":{"rendered":"https:\/\/frutasbollo.es\/?page_id=5069"},"modified":"2021-12-16T10:36:24","modified_gmt":"2021-12-16T08:36:24","slug":"politique-de-cookies","status":"publish","type":"page","link":"https:\/\/frutasbollo.es\/fr\/politique-de-cookies\/","title":{"rendered":"Politique de cookies"},"content":{"rendered":"\n<div class=\"wp-block-group px-12 mt-12 mb-32 w-2\/3 mx-auto\"><div class=\"wp-block-group__inner-container is-layout-flow wp-block-group-is-layout-flow\">\n<p>Un cookie est un fichier qui est t\u00e9l\u00e9charg\u00e9 sur votre ordinateur lorsque vous acc\u00e9dez \u00e0 certaines pages web. Les cookies permettent \u00e0 un site web, entre autres, de stocker et de r\u00e9cup\u00e9rer des informations sur les habitudes de navigation d&rsquo;un utilisateur ou sur son \u00e9quipement et, en fonction des informations qu&rsquo;ils contiennent et de la mani\u00e8re dont il utilise son \u00e9quipement, ils peuvent \u00eatre utilis\u00e9s pour reconna\u00eetre l&rsquo;utilisateur. Le navigateur de l&rsquo;utilisateur ne stocke les cookies sur le disque dur que pendant la session en cours, occupant un espace m\u00e9moire minimal et n&rsquo;endommageant pas l&rsquo;ordinateur. Les cookies ne contiennent pas d&rsquo;informations personnelles sp\u00e9cifiques et la plupart des cookies sont supprim\u00e9s de votre disque dur \u00e0 la fin de votre session de navigation (cookies dits \u00ab de session \u00bb).<\/p>\n\n\n\n<p>La plupart des navigateurs acceptent les cookies par d\u00e9faut et, ind\u00e9pendamment de ceux-ci, autorisent ou emp\u00eachent les cookies temporaires ou stock\u00e9s dans les param\u00e8tres de s\u00e9curit\u00e9.<\/p>\n\n\n\n<p class=\"has-material-brand-color has-text-color\"><br><br><strong>1.<\/strong>     <strong>Quels types de cookies ce site web utilise-t-il ?<\/strong><\/p>\n\n\n\n<p class=\"has-material-brand-color has-text-color\"><br><strong>Cookies techniques:<\/strong><\/p>\n\n\n\n<p><em>Celles-ci permettent \u00e0 l&rsquo;utilisateur de naviguer sur un site web, une plateforme ou une application et d&rsquo;utiliser les diff\u00e9rentes options ou services qui y existent, comme, par exemple, le contr\u00f4le du trafic et de la communication des donn\u00e9es, l&rsquo;identification de la session, l&rsquo;acc\u00e8s \u00e0 des zones restreintes, la m\u00e9morisation des \u00e9l\u00e9ments qui composent une commande, la r\u00e9alisation d&rsquo;une demande d&rsquo;inscription ou de participation \u00e0 un \u00e9v\u00e9nement, l&rsquo;utilisation d&rsquo;\u00e9l\u00e9ments de s\u00e9curit\u00e9 lors de la navigation, le stockage de contenus pour la diffusion de vid\u00e9os ou de sons ou le partage de contenus via les r\u00e9seaux sociaux.<\/em><\/p>\n\n\n\n<p class=\"has-material-brand-color has-text-color\"><strong>Cookies de personnalisation<\/strong>:<\/p>\n\n\n\n<p><em>Ceux-ci permettent \u00e0 l&rsquo;utilisateur d&rsquo;acc\u00e9der au service avec certaines caract\u00e9ristiques g\u00e9n\u00e9rales pr\u00e9d\u00e9finies en fonction d&rsquo;une s\u00e9rie de crit\u00e8res dans le terminal de l&rsquo;utilisateur, comme la langue, le type de navigateur utilis\u00e9 pour acc\u00e9der au service, la configuration r\u00e9gionale depuis laquelle on acc\u00e8de au service, etc.<\/em><\/p>\n\n\n\n<p class=\"has-material-brand-color has-text-color\"><strong>Cookies d&rsquo;analyse<\/strong><em>:<\/em><\/p>\n\n\n\n<p><em>Il s&rsquo;agit de ceux qui, trait\u00e9s par nous ou par des tiers, nous permettent de quantifier le nombre d&rsquo;utilisateurs et d&rsquo;effectuer ainsi la mesure et l&rsquo;analyse statistique de l&rsquo;utilisation faite par les utilisateurs du service offert. \u00c0 cette fin, votre navigation sur notre site web est analys\u00e9e afin d&rsquo;am\u00e9liorer la gamme de produits ou de services que nous vous proposons.<\/em><\/p>\n\n\n\n<p class=\"has-material-brand-color has-text-color\"><strong><em>Cookies publicitaires<\/em><\/strong><em>:<\/em><\/p>\n\n\n\n<p><em>Bollo International Fruits peut faire appel \u00e0 des services tiers qui, au nom de la premi\u00e8re, collecteront des informations \u00e0 des fins statistiques, pour l&rsquo;utilisation du site web par l&rsquo;utilisateur et pour la fourniture d&rsquo;autres services li\u00e9s \u00e0 l&rsquo;activit\u00e9 du site web et d&rsquo;autres services Internet.<\/em><\/p>\n\n\n\n<p class=\"has-material-brand-color has-text-color\"><br><br><strong><em>2.<\/em><\/strong>     <strong><em>Cookies que nous utilisons sur notre site web en fonction de la propri\u00e9t\u00e9<\/em><\/strong><\/p>\n\n\n\n<p class=\"has-material-brand-color has-text-color\"><br><strong><em>Cookies propri\u00e9taires:<\/em><\/strong><\/p>\n\n\n\n<p><em>Ce sont celles qui sont envoy\u00e9es \u00e0 l&rsquo;\u00e9quipement terminal de l&rsquo;utilisateur depuis un ordinateur ou un domaine g\u00e9r\u00e9 par l&rsquo;\u00e9diteur lui-m\u00eame et \u00e0 partir duquel le service demand\u00e9 par l&rsquo;utilisateur est fourni.<\/em><\/p>\n\n\n\n<p class=\"has-material-brand-color has-text-color\"><strong><em>Cookies tiers:<\/em><\/strong><\/p>\n\n\n\n<p><em>Les cookies sont ceux qui sont envoy\u00e9s \u00e0 l&rsquo;\u00e9quipement terminal de l&rsquo;utilisateur depuis un ordinateur ou un domaine qui n&rsquo;est pas g\u00e9r\u00e9 par l&rsquo;\u00e9diteur, mais par une autre entit\u00e9 qui traite les donn\u00e9es obtenues par le biais des cookies.<\/em><\/p>\n\n\n\n<p class=\"has-material-brand-color has-text-color\"><br><strong>3.<\/strong>     <strong>Description d\u00e9taill\u00e9e des cookies: <\/strong><\/p>\n<\/div><\/div>\n","protected":false},"excerpt":{"rendered":"<p>Un cookie est un fichier qui est t\u00e9l\u00e9charg\u00e9 sur votre ordinateur lorsque vous acc\u00e9dez \u00e0 certaines pages web. Les cookies permettent \u00e0 un site web, entre autres, de stocker et de r\u00e9cup\u00e9rer des informations sur les habitudes de navigation d&rsquo;un utilisateur ou sur son \u00e9quipement et, en fonction des informations qu&rsquo;ils contiennent et de la [&hellip;]<\/p>\n","protected":false},"author":1,"featured_media":0,"parent":0,"menu_order":0,"comment_status":"closed","ping_status":"closed","template":"","meta":{"footnotes":""},"class_list":["post-5069","page","type-page","status-publish","hentry"],"_links":{"self":[{"href":"https:\/\/frutasbollo.es\/fr\/wp-json\/wp\/v2\/pages\/5069","targetHints":{"allow":["GET"]}}],"collection":[{"href":"https:\/\/frutasbollo.es\/fr\/wp-json\/wp\/v2\/pages"}],"about":[{"href":"https:\/\/frutasbollo.es\/fr\/wp-json\/wp\/v2\/types\/page"}],"author":[{"embeddable":true,"href":"https:\/\/frutasbollo.es\/fr\/wp-json\/wp\/v2\/users\/1"}],"replies":[{"embeddable":true,"href":"https:\/\/frutasbollo.es\/fr\/wp-json\/wp\/v2\/comments?post=5069"}],"version-history":[{"count":2,"href":"https:\/\/frutasbollo.es\/fr\/wp-json\/wp\/v2\/pages\/5069\/revisions"}],"predecessor-version":[{"id":5071,"href":"https:\/\/frutasbollo.es\/fr\/wp-json\/wp\/v2\/pages\/5069\/revisions\/5071"}],"wp:attachment":[{"href":"https:\/\/frutasbollo.es\/fr\/wp-json\/wp\/v2\/media?parent=5069"}],"curies":[{"name":"wp","href":"https:\/\/api.w.org\/{rel}","templated":true}]}}