{"id":5072,"date":"2021-12-16T11:07:02","date_gmt":"2021-12-16T09:07:02","guid":{"rendered":"https:\/\/frutasbollo.es\/?page_id=5072"},"modified":"2021-12-16T11:07:04","modified_gmt":"2021-12-16T09:07:04","slug":"politique-de-confidentialite","status":"publish","type":"page","link":"https:\/\/frutasbollo.es\/fr\/politique-de-confidentialite\/","title":{"rendered":"Politique de confidentialit\u00e9"},"content":{"rendered":"\n<div class=\"wp-block-group px-12 mt-12 mb-32 w-2\/3 mx-auto\"><div class=\"wp-block-group__inner-container is-layout-flow wp-block-group-is-layout-flow\">\n<p>La confidentialit\u00e9 et la s\u00e9curit\u00e9 de vos donn\u00e9es personnelles sont l&rsquo;un des aspects les plus importants de notre entreprise. Nous traitons les donn\u00e9es personnelles pour am\u00e9liorer en permanence nos produits et services, ainsi que votre exp\u00e9rience. C&rsquo;est pourquoi nous voulons vous informer de mani\u00e8re transparente \u00e0 propos de notre politique de confidentialit\u00e9 afin que vous soyez conscient \u00e0 tout moment des objectifs du traitement et des droits dont vous disposez en tant que propri\u00e9taire des donn\u00e9es personnelles fournies.<\/p>\n\n\n\n<p class=\"has-material-brand-color has-text-color\"><br><strong>Introduction<\/strong><\/p>\n\n\n\n<p>La pr\u00e9sente politique de confidentialit\u00e9 a \u00e9t\u00e9 \u00e9labor\u00e9e en tenant compte des dispositions du r\u00e8glement 2016\/679 du Parlement europ\u00e9en et du Conseil du 27 avril 2016 relatif \u00e0 la protection des personnes physiques \u00e0 l&rsquo;\u00e9gard du traitement des donn\u00e9es \u00e0 caract\u00e8re personnel et \u00e0 la circulation de ces donn\u00e9es, ci-apr\u00e8s \u00ab RGPD \u00bb.<\/p>\n\n\n\n<p>La pr\u00e9sente politique de confidentialit\u00e9 a pour but d&rsquo;informer les propri\u00e9taires des donn\u00e9es personnelles, pour lesquelles des informations sont collect\u00e9es, des aspects sp\u00e9cifiques relatifs au traitement de leurs donn\u00e9es, y compris les objectifs du traitement, les coordonn\u00e9es pour exercer leurs droits, les p\u00e9riodes de conservation des informations et les mesures de s\u00e9curit\u00e9, entre autres.<\/p>\n\n\n\n<p class=\"has-material-brand-color has-text-color\"><br><strong>Donn\u00e9es d&rsquo;identification du propri\u00e9taire de ce site web<\/strong><\/p>\n\n\n\n<p>Responsable du traitement : BOLLO INTERNATIONAL FRUITS, S.L.<\/p>\n\n\n\n<p>Adresse postale : Av la valldigna, S\/N &#8211; 46791 Benifair\u00f3 de la Valldigna, Valence.<\/p>\n\n\n\n<p>Adresse \u00e9lectronique : info@bollo.es<\/p>\n\n\n\n<p>Contact du d\u00e9l\u00e9gu\u00e9 \u00e0 la protection des donn\u00e9es : dpo@bollo.es<\/p>\n\n\n\n<p class=\"has-material-brand-color has-text-color\"><br><strong>Traitement des donn\u00e9es<\/strong><\/p>\n\n\n\n<p>Les donn\u00e9es personnelles demand\u00e9es, le cas \u00e9ch\u00e9ant, ne seront constitu\u00e9es que des donn\u00e9es strictement n\u00e9cessaires pour identifier et traiter la demande du titulaire des donn\u00e9es, ci-apr\u00e8s \u00ab personne concern\u00e9e \u00bb. Ces informations sont trait\u00e9es de mani\u00e8re \u00e9quitable, licite et transparente par rapport \u00e0 la personne concern\u00e9e. En outre, les donn\u00e9es \u00e0 caract\u00e8re personnel seront collect\u00e9es pour des finalit\u00e9s d\u00e9termin\u00e9es, explicites et l\u00e9gitimes et ne seront pas trait\u00e9es ult\u00e9rieurement d&rsquo;une mani\u00e8re incompatible avec ces finalit\u00e9s.<\/p>\n\n\n\n<p>Les donn\u00e9es recueillies aupr\u00e8s de chaque personne concern\u00e9e sont ad\u00e9quates, pertinentes et non excessives au regard des finalit\u00e9s poursuivies dans chaque cas, et sont mises \u00e0 jour chaque fois que n\u00e9cessaire.<\/p>\n\n\n\n<p>La personne concern\u00e9e sera inform\u00e9e, avant la collecte de ses donn\u00e9es, des points g\u00e9n\u00e9raux r\u00e9glement\u00e9s dans la pr\u00e9sente politique afin qu&rsquo;elle puisse donner son consentement expr\u00e8s, pr\u00e9cis et sans \u00e9quivoque au traitement de ses donn\u00e9es, conform\u00e9ment aux aspects suivants.<\/p>\n\n\n\n<p class=\"has-material-brand-color has-text-color\"><br><strong>Finalit\u00e9s du traitement<\/strong><\/p>\n\n\n\n<p>Les finalit\u00e9s explicites pour lesquelles chacun des traitements est effectu\u00e9 sont expos\u00e9es dans les clauses informatives incluses dans chacune des m\u00e9thodes de collecte des donn\u00e9es (formulaires web, formulaires papier, annonces ou affiches et notes d&rsquo;information):<\/p>\n\n\n\n<ul class=\"wp-block-list\"><li>les donn\u00e9es personnelles recueillies par t\u00e9l\u00e9phone ou par e-mail et le formulaire d&rsquo;aide sur notre site web seront trait\u00e9es afin de r\u00e9pondre \u00e0 vos doutes, questions ou suggestions.<\/li><li>Si vous nous envoyez votre CV, celui-ci sera trait\u00e9 afin de g\u00e9rer votre profil professionnel tant dans les offres d&#8217;emploi et les processus de s\u00e9lection actuels que dans ceux qui seront annonc\u00e9s \u00e0 l&rsquo;avenir.<\/li><\/ul>\n\n\n\n<p class=\"has-material-brand-color has-text-color\"><br><strong>L\u00e9gitimation<\/strong><\/p>\n\n\n\n<p>En r\u00e8gle g\u00e9n\u00e9rale, avant de traiter les donn\u00e9es personnelles, BOLLO INTERNATIONAL FRUITS, S.L. obtient le consentement expr\u00e8s et sans \u00e9quivoque du propri\u00e9taire des donn\u00e9es, gr\u00e2ce \u00e0 l&rsquo;incorporation de clauses de consentement \u00e9clair\u00e9 dans les diff\u00e9rents syst\u00e8mes de collecte d&rsquo;informations.<\/p>\n\n\n\n<p>Toutefois, dans le cas o\u00f9 le consentement de la personne concern\u00e9e n&rsquo;est pas requis, la base l\u00e9gitime du traitement sur laquelle se fonde BOLLO INTERNATIONAL FRUITS, S.L. est l&rsquo;existence d&rsquo;une loi ou d&rsquo;une r\u00e9glementation sp\u00e9cifique qui autorise ou exige le traitement des donn\u00e9es de la personne concern\u00e9e.<\/p>\n\n\n\n<p class=\"has-material-brand-color has-text-color\"><br><strong>Destinataires<\/strong><\/p>\n\n\n\n<p>En r\u00e8gle g\u00e9n\u00e9rale, BOLLO INTERNATIONAL FRUITS, S.L. ne c\u00e8de ni ne communique les donn\u00e9es \u00e0 des tiers, \u00e0 l&rsquo;exception de ceux qui sont l\u00e9galement tenus de le faire. Toutefois, si cela s&rsquo;av\u00e8re n\u00e9cessaire, ces cessions ou communications de donn\u00e9es seront inform\u00e9es, le cas \u00e9ch\u00e9ant, \u00e0 la personne concern\u00e9e par le biais des clauses de consentement \u00e9clair\u00e9 contenues dans les diff\u00e9rentes modalit\u00e9s de collecte des donn\u00e9es personnelles.<\/p>\n\n\n\n<p>Nous partagerons les donn\u00e9es trait\u00e9es avec les prestataires de services qui nous aident ou nous apportent leur soutien pour la maintenance des services indiqu\u00e9s ci-dessous, qu&rsquo;il s&rsquo;agisse de soci\u00e9t\u00e9s li\u00e9es \u00e0 BOLLO INTERNATIONAL FRUITS, S.L.<\/p>\n\n\n\n<p>Les fournisseurs avec lesquels nous collaborons sont: <\/p>\n\n\n\n<ul class=\"wp-block-list\"><li>des fournisseurs de services technologiques et analytiques <\/li><li>des fournisseurs et partenaires de services de logistique, de transport et de livraison<\/li><li>des fournisseurs et partenaires de services de marketing et de publicit\u00e9, tels que les agences de publicit\u00e9, les partenaires publicitaires ou les r\u00e9seaux sociaux.<\/li><\/ul>\n\n\n\n<p class=\"has-material-brand-color has-text-color\"><br><strong>Provenance<\/strong><\/p>\n\n\n\n<p>En r\u00e8gle g\u00e9n\u00e9rale, les donn\u00e9es personnelles sont toujours collect\u00e9es directement aupr\u00e8s de la personne concern\u00e9e ; toutefois, dans certaines exceptions, les donn\u00e9es peuvent \u00eatre collect\u00e9es par l&rsquo;interm\u00e9diaire de tiers, d&rsquo;entit\u00e9s ou de services autres que la personne concern\u00e9e. \u00c0 cet \u00e9gard, cela sera communiqu\u00e9 \u00e0 la personne concern\u00e9e par le biais des clauses de consentement \u00e9clair\u00e9 contenues dans les diff\u00e9rents canaux de collecte d&rsquo;informations et dans un d\u00e9lai raisonnable, une fois les donn\u00e9es obtenues, et au plus tard dans un mois.<\/p>\n\n\n\n<p class=\"has-material-brand-color has-text-color\"><br><strong>P\u00e9riodes de conservation<\/strong><\/p>\n\n\n\n<p>Les informations collect\u00e9es aupr\u00e8s de la personne concern\u00e9e seront conserv\u00e9es aussi longtemps que n\u00e9cessaire pour atteindre la finalit\u00e9 pour laquelle les donn\u00e9es personnelles ont \u00e9t\u00e9 collect\u00e9es, de sorte que, une fois la finalit\u00e9 atteinte, les donn\u00e9es seront bloqu\u00e9es. Ce blocage donnera lieu au blocage des donn\u00e9es, qui ne seront conserv\u00e9es qu&rsquo;\u00e0 la disposition des Autorit\u00e9s Publiques, des Juges et des Tribunaux, afin de r\u00e9pondre aux \u00e9ventuelles responsabilit\u00e9s d\u00e9coulant du traitement, pendant la p\u00e9riode de prescription de ce dernier, apr\u00e8s quoi les informations seront supprim\u00e9es.<\/p>\n\n\n\n<p><br><strong>\u00c0 titre d&rsquo;information, les d\u00e9lais l\u00e9gaux pour la conservation des informations relatives \u00e0 diff\u00e9rentes mati\u00e8res sont indiqu\u00e9s ci-dessous:<\/strong><br><\/p>\n\n\n\n<figure class=\"wp-block-table\"><table><tbody><tr><td>DOCUMENTO<\/td><td>PLAZO<\/td><td>REF. LEGAL<\/td><\/tr><tr><td>Documents relatifs \u00e0 l&#8217;emploi ou \u00e0 la s\u00e9curit\u00e9 sociale<\/td><td>4 ans<\/td><td>Article 21 du d\u00e9cret royal l\u00e9gislatif 5\/2000, du 4 ao\u00fbt, portant approbation du texte r\u00e9vis\u00e9 de la loi sur les d\u00e9lits et les peines dans l&rsquo;ordre social<\/td><\/tr><tr><td>Documentation comptable et fiscale \u00e0 des fins commerciales<\/td><td>6  ans <\/td><td>Art. 30 du Code du Commerce<\/td><\/tr><tr><td>Documentation comptable et fiscale \u00e0 des fins fiscales<\/td><td>4  ans <\/td><td>Articles 66 \u00e0 70 de la Loi Fiscale G\u00e9n\u00e9rale<\/td><\/tr><tr><td>Contr\u00f4le d&rsquo;acc\u00e8s aux b\u00e2timents<\/td><td>1 mois<\/td><td>Instruction AEPD 1\/1996<\/td><\/tr><tr><td>Vid\u00e9osurveillance<\/td><td>1  mois <\/td><td>Instruction AEPD 1\/2006<br><\/td><\/tr><tr><td>Curriculums&nbsp;<\/td><td>2  ans <\/td><td>Tant qu&rsquo;il n&rsquo;est pas mis \u00e0 jour pendant cette p\u00e9riode.<\/td><\/tr><\/tbody><\/table><\/figure>\n\n\n\n<p class=\"has-material-brand-color has-text-color\"><br><strong>Donn\u00e9es de navigation<\/strong><\/p>\n\n\n\n<p>En ce qui concerne les donn\u00e9es de navigation qui peuvent \u00eatre trait\u00e9es \u00e0 travers le site web, dans le cas o\u00f9 des donn\u00e9es soumises \u00e0 la r\u00e9glementation sont collect\u00e9es, nous vous recommandons de consulter la Politique des Cookies publi\u00e9e sur notre site web.<\/p>\n\n\n\n<p class=\"has-material-brand-color has-text-color\"><br><strong>Droits des personnes concern\u00e9es<\/strong><\/p>\n\n\n\n<p>La r\u00e9glementation en mati\u00e8re de protection des donn\u00e9es accorde une s\u00e9rie de droits aux personnes concern\u00e9es ou aux propri\u00e9taires des donn\u00e9es, aux utilisateurs du site web ou aux utilisateurs des profils des r\u00e9seaux sociaux de BOLLO INTERNATIONAL FRUITS, S.L.<\/p>\n\n\n\n<p>Les droits des personnes concern\u00e9es sont les suivants:<\/p>\n\n\n\n<p>Droit <strong>d&rsquo;acc\u00e8s<\/strong> : le droit d&rsquo;obtenir des informations sur le traitement de ses propres donn\u00e9es, la finalit\u00e9 du traitement effectu\u00e9, les cat\u00e9gories de donn\u00e9es trait\u00e9es, les destinataires ou cat\u00e9gories de destinataires, la dur\u00e9e de conservation et l&rsquo;origine des donn\u00e9es.<\/p>\n\n\n\n<p>Droit de <strong>rectification <\/strong>: Le droit d&rsquo;obtenir la rectification de donn\u00e9es personnelles inexactes ou incompl\u00e8tes.<\/p>\n\n\n\n<p>Droit <strong>d&rsquo;effacement <\/strong>: Le droit d&rsquo;obtenir la suppression des donn\u00e9es dans les cas suivants<\/p>\n\n\n\n<p>&#8211; Lorsque les donn\u00e9es ne sont plus n\u00e9cessaires aux fins pour lesquelles elles ont \u00e9t\u00e9 collect\u00e9es.<\/p>\n\n\n\n<p>&#8211; Lorsque le consentement est retir\u00e9 par la personne concern\u00e9e.<\/p>\n\n\n\n<p>&#8211; Lorsque la personne concern\u00e9e s&rsquo;oppose au traitement.<\/p>\n\n\n\n<p>&#8211; Lorsqu&rsquo;elles doivent \u00eatre supprim\u00e9es pour satisfaire \u00e0 une obligation l\u00e9gale.<\/p>\n\n\n\n<p>&#8211; Lorsque les donn\u00e9es ont \u00e9t\u00e9 obtenues en vertu d&rsquo;un service de la soci\u00e9t\u00e9 de l&rsquo;information sur la base de l&rsquo;art. 8 paragraphe 1 du R\u00e8glement Europ\u00e9en sur la Protection des Donn\u00e9es.<\/p>\n\n\n\n<p>Droit <strong>d&rsquo;opposition <\/strong>: Le droit de s&rsquo;opposer \u00e0 un traitement particulier fond\u00e9 sur le consentement de la personne concern\u00e9e.<\/p>\n\n\n\n<p>Droit de <strong>prescription <\/strong>: Le droit d&rsquo;obtenir la limitation du traitement des donn\u00e9es dans les cas suivants :<\/p>\n\n\n\n<p>&#8211; Lorsque la personne concern\u00e9e conteste l&rsquo;exactitude des donn\u00e9es personnelles, pendant une p\u00e9riode permettant \u00e0 l&rsquo;entreprise de v\u00e9rifier l&rsquo;exactitude des donn\u00e9es.<\/p>\n\n\n\n<p>&#8211; Lorsque le traitement est illicite et que la personne concern\u00e9e s&rsquo;oppose \u00e0 l&rsquo;effacement des donn\u00e9es.<\/p>\n\n\n\n<p>&#8211; Lorsque l&rsquo;entreprise n&rsquo;a plus besoin des donn\u00e9es aux fins pour lesquelles elles ont \u00e9t\u00e9 collect\u00e9es, mais que la personne concern\u00e9e en a besoin pour formuler, exercer ou d\u00e9fendre des r\u00e9clamations.<\/p>\n\n\n\n<p>&#8211; Lorsque la personne concern\u00e9e s&rsquo;est oppos\u00e9e au traitement au moment de la v\u00e9rification des motifs l\u00e9gitimes de l&rsquo;entreprise sur ceux de la personne concern\u00e9e.<\/p>\n\n\n\n<p>Droit \u00e0 la <strong>portabilit\u00e9 <\/strong>: Le droit d&rsquo;obtenir les donn\u00e9es dans un format structur\u00e9, couramment utilis\u00e9 et lisible sur un appareil multim\u00e9dia et de les transmettre \u00e0 un autre responsable du traitement o\u00f9 :<\/p>\n\n\n\n<p>&#8211; Le traitement est fond\u00e9 sur le consentement<\/p>\n\n\n\n<p>&#8211; Le traitement est effectu\u00e9 par des moyens automatis\u00e9s<\/p>\n\n\n\n<p>Les personnes concern\u00e9es ont le droit d&rsquo;introduire une r\u00e9clamation si elles consid\u00e8rent qu&rsquo;un traitement effectu\u00e9 par nos soins n&rsquo;est pas conforme \u00e0 la r\u00e9glementation en vigueur, et leur demande sera toujours trait\u00e9e dans les meilleurs d\u00e9lais, en tenant compte des d\u00e9lais pr\u00e9vus par la r\u00e9glementation sur la protection des donn\u00e9es. \u00c0 cet effet, nous vous informons que BOLLO INTERNATIONAL FRUITS, S.L. dispose d&rsquo;un D\u00e9l\u00e9gu\u00e9 \u00e0 la Protection des Donn\u00e9es charg\u00e9 de veiller au respect de la r\u00e9glementation en vigueur et qui peut \u00eatre contact\u00e9 par e-mail \u00e0 l&rsquo;adresse dpo@bollo.es. Toutefois, vous avez \u00e9galement le droit de vous adresser directement \u00e0 l&rsquo;autorit\u00e9 de contr\u00f4le (dans ce cas, l&rsquo;Agence espagnole de protection des donn\u00e9es, \u2013 <a href=\"http:\/\/www.agpd.es\/\">http:\/\/www.agpd.es<\/a> &#8211; Jorge Juan, 6. 28001 \u2013 Madrid (+34 901 100 099 \u2013 +34 912 663 517).<\/p>\n\n\n\n<p class=\"has-material-brand-color has-text-color\"><br><strong>S\u00e9curit\u00e9<\/strong><\/p>\n\n\n\n<p>Les mesures de s\u00e9curit\u00e9 adopt\u00e9es par BOLLO INTERNATIONAL FRUITS, S.L. sont celles requises, conform\u00e9ment aux dispositions de l&rsquo;article 32 du RGPD. En ce sens, BOLLO INTERNATIONAL FRUITS, S.L., compte tenu de l&rsquo;\u00e9tat de la technique, des co\u00fbts d&rsquo;application et de la nature, de la port\u00e9e, du contexte et des finalit\u00e9s du traitement, ainsi que des risques de probabilit\u00e9 et de gravit\u00e9 variables pour les droits et libert\u00e9s des personnes physiques, a \u00e9tabli les mesures techniques et organisationnelles appropri\u00e9es pour garantir un niveau de s\u00e9curit\u00e9 adapt\u00e9 au risque existant.<\/p>\n\n\n\n<p>En tout \u00e9tat de cause, BOLLO INTERNATIONAL FRUITS, S.L. a mis en place des m\u00e9canismes suffisants pour :<\/p>\n\n\n\n<p>&#8211; Garantir la confidentialit\u00e9, l&rsquo;int\u00e9grit\u00e9, la disponibilit\u00e9 et la r\u00e9silience continues des syst\u00e8mes et services de traitement.<\/p>\n\n\n\n<p>&#8211; R\u00e9tablir rapidement la disponibilit\u00e9 et l&rsquo;acc\u00e8s aux donn\u00e9es personnelles, en cas d&rsquo;incident physique ou technique.<\/p>\n\n\n\n<p>&#8211; V\u00e9rifier, \u00e9valuer et appr\u00e9cier r\u00e9guli\u00e8rement l&rsquo;efficacit\u00e9 des mesures techniques et organisationnelles mises en \u0153uvre pour assurer la s\u00e9curit\u00e9 du traitement.<\/p>\n\n\n\n<p>&#8211; Anonymiser et crypter les donn\u00e9es personnelles, le cas \u00e9ch\u00e9ant.<\/p>\n\n\n\n<hr class=\"wp-block-separator\"\/>\n\n\n\n<p class=\"has-material-brand-color has-text-color\"><strong>INFORMATIONS DE BASE<\/strong><\/p>\n\n\n\n<p>Coordonn\u00e9es de base (sous les coordonn\u00e9es)<\/p>\n\n\n\n<p>Bollo International Fruits, S.L. est responsable du traitement des donn\u00e9es fournies dans le but de g\u00e9rer toute demande d&rsquo;information, tout doute, toute question ou toute suggestion que vous nous transmettez \u00e0 travers les canaux de contact de notre entreprise, sur la base du consentement exprim\u00e9 lors de l&rsquo;envoi de cette information.<\/p>\n\n\n\n<p>Vous pouvez exercer vos droits d&rsquo;acc\u00e8s, de rectification, d&rsquo;effacement, d&rsquo;opposition, de restriction et de portabilit\u00e9 comme expliqu\u00e9 dans les informations compl\u00e9mentaires sur la protection des donn\u00e9es <strong>(lien)<\/strong>.<\/p>\n\n\n\n<p>Formulaire d&rsquo;information de base : Comment pouvons-nous vous aider ?<\/p>\n\n\n\n<p>Bollo International Fruits, S.L. est responsable du traitement des donn\u00e9es fournies dans le but de g\u00e9rer les doutes, questions ou suggestions qui pourraient survenir, sur la base du consentement exprim\u00e9 lors de l&rsquo;acceptation de la politique de confidentialit\u00e9.<\/p>\n\n\n\n<p>Vous pouvez exercer vos droits d&rsquo;acc\u00e8s, de rectification, d&rsquo;effacement, d&rsquo;opposition, de restriction et de portabilit\u00e9 comme expliqu\u00e9 dans les informations compl\u00e9mentaires sur la protection des donn\u00e9es <strong>(lien).<\/strong><\/p>\n\n\n\n<p>Informations de base pour l&rsquo;envoi du futur CV dans le formulaire \u00ab Travaillez avec nous \u00bb<\/p>\n\n\n\n<p>Bollo International Fruits, S.L. est responsable du traitement des donn\u00e9es fournies dans le but de g\u00e9rer votre profil professionnel tant dans les offres d&#8217;emploi et les processus de s\u00e9lection actuels que dans ceux qui seront annonc\u00e9s \u00e0 l&rsquo;avenir, sur la base du consentement donn\u00e9 lorsque vous nous envoyez votre CV.<\/p>\n\n\n\n<p>Vous pouvez exercer vos droits d&rsquo;acc\u00e8s, de rectification, d&rsquo;effacement, d&rsquo;opposition, de restriction et de portabilit\u00e9 comme expliqu\u00e9 dans les informations compl\u00e9mentaires sur la protection des donn\u00e9es <strong>(lien).<\/strong><\/p>\n<\/div><\/div>\n","protected":false},"excerpt":{"rendered":"<p>La confidentialit\u00e9 et la s\u00e9curit\u00e9 de vos donn\u00e9es personnelles sont l&rsquo;un des aspects les plus importants de notre entreprise. Nous traitons les donn\u00e9es personnelles pour am\u00e9liorer en permanence nos produits et services, ainsi que votre exp\u00e9rience. C&rsquo;est pourquoi nous voulons vous informer de mani\u00e8re transparente \u00e0 propos de notre politique de confidentialit\u00e9 afin que vous [&hellip;]<\/p>\n","protected":false},"author":1,"featured_media":0,"parent":0,"menu_order":0,"comment_status":"closed","ping_status":"closed","template":"","meta":{"footnotes":""},"class_list":["post-5072","page","type-page","status-publish","hentry"],"_links":{"self":[{"href":"https:\/\/frutasbollo.es\/fr\/wp-json\/wp\/v2\/pages\/5072","targetHints":{"allow":["GET"]}}],"collection":[{"href":"https:\/\/frutasbollo.es\/fr\/wp-json\/wp\/v2\/pages"}],"about":[{"href":"https:\/\/frutasbollo.es\/fr\/wp-json\/wp\/v2\/types\/page"}],"author":[{"embeddable":true,"href":"https:\/\/frutasbollo.es\/fr\/wp-json\/wp\/v2\/users\/1"}],"replies":[{"embeddable":true,"href":"https:\/\/frutasbollo.es\/fr\/wp-json\/wp\/v2\/comments?post=5072"}],"version-history":[{"count":2,"href":"https:\/\/frutasbollo.es\/fr\/wp-json\/wp\/v2\/pages\/5072\/revisions"}],"predecessor-version":[{"id":5074,"href":"https:\/\/frutasbollo.es\/fr\/wp-json\/wp\/v2\/pages\/5072\/revisions\/5074"}],"wp:attachment":[{"href":"https:\/\/frutasbollo.es\/fr\/wp-json\/wp\/v2\/media?parent=5072"}],"curies":[{"name":"wp","href":"https:\/\/api.w.org\/{rel}","templated":true}]}}