{"id":5057,"date":"2021-12-16T10:03:52","date_gmt":"2021-12-16T08:03:52","guid":{"rendered":"https:\/\/frutasbollo.es\/?page_id=5057"},"modified":"2021-12-16T10:03:53","modified_gmt":"2021-12-16T08:03:53","slug":"politica-de-cookies","status":"publish","type":"page","link":"https:\/\/frutasbollo.es\/pt-br\/politica-de-cookies\/","title":{"rendered":"Pol\u00edtica de cookies"},"content":{"rendered":"\n<div class=\"wp-block-group px-12 mt-12 mb-32 w-2\/3 mx-auto\"><div class=\"wp-block-group__inner-container is-layout-flow wp-block-group-is-layout-flow\">\n<p>Um cookie \u00e9 um ficheiro que \u00e9 descarregado no seu computador ao aceder a determinadas p\u00e1ginas web. Os cookies permitem a uma p\u00e1gina web, entre outras coisas, armazenar e recuperar informa\u00e7\u00f5es sobre os h\u00e1bitos de navega\u00e7\u00e3o de um utilizador ou do seu equipamento e, dependendo das informa\u00e7\u00f5es que contenham e da forma atrav\u00e9s da qual utilize o seu equipamento, podem utilizar-se para reconhecer o utilizador. O navegador do utilizador memoriza cookies no disco r\u00edgido apenas durante a sess\u00e3o atual ocupando um espa\u00e7o de mem\u00f3ria m\u00ednimo e n\u00e3o prejudicando o computador. Os cookies que contenham qualquer tipo de informa\u00e7\u00e3o pessoal espec\u00edfica e a maioria destas s\u00e3o eliminadas do disco r\u00edgido ao finalizar a sess\u00e3o de navegador (os denominados cookies de sess\u00e3o).<\/p>\n\n\n\n<p>La mayor\u00eda de los navegadores aceptan como est\u00e1ndar a las cookies y, con independencia de estas, permiten o impiden en los ajustes de seguridad las cookies temporales o memorizadas.<\/p>\n\n\n\n<p class=\"has-material-brand-color has-text-color\"><br><br><strong>1.<\/strong>     <strong>\u00bfQu\u00e9 tipos de cookies utiliza esta p\u00e1gina web?<\/strong><\/p>\n\n\n\n<p class=\"has-material-brand-color has-text-color\"><br><strong>Cookies t\u00e9cnicos:<\/strong><\/p>\n\n\n\n<p><em>Son aquS\u00e3o os que permitem ao utilizador a navega\u00e7\u00e3o atrav\u00e9s de uma p\u00e1gina web, plataforma ou aplica\u00e7\u00e3o e a utiliza\u00e7\u00e3o das diferentes op\u00e7\u00f5es ou servi\u00e7os que nela existam como, por exemplo, controlar o tr\u00e1fego e a comunica\u00e7\u00e3o de dados, identificar a sess\u00e3o, aceder a partes de acesso restrito, relembrar os elementos que integram uma encomenda, realizar o pedido de inscri\u00e7\u00e3o ou participa\u00e7\u00e3o num evento, utilizar elementos de seguran\u00e7a durante a navega\u00e7\u00e3o, armazenar conte\u00fados para a difus\u00e3o de v\u00eddeos e som ou partilhar conte\u00fados atrav\u00e9s de redes sociais.<\/em><\/p>\n\n\n\n<p class=\"has-material-brand-color has-text-color\"><strong>Cookies de personaliza\u00e7\u00e3o:<\/strong><\/p>\n\n\n\n<p><em>S\u00e3o os que permitem ao utilizador aceder ao servi\u00e7o com algumas caracter\u00edsticas de car\u00e1ter geral pr\u00e9-definidas em fun\u00e7\u00e3o de uma s\u00e9rie de crit\u00e9rios no terminal do utilizador como, por exemplo, o idioma, o tipo de navegador, atrav\u00e9s do qual acede ao servi\u00e7o, a configura\u00e7\u00e3o regional a partir de onde se acede ao servi\u00e7o, etc.<\/em><\/p>\n\n\n\n<p class=\"has-material-brand-color has-text-color\"><strong>Cookies de an\u00e1lise:<\/strong><\/p>\n\n\n\n<p><em>S\u00e3o os que, bem tratados por n\u00f3s ou por terceiros, nos permitem quantificar o n\u00famero de utilizadores e, assim, realizar a medi\u00e7\u00e3o e an\u00e1lise estat\u00edstica da utiliza\u00e7\u00e3o que fazem os utilizadores do servi\u00e7o oferecido. Para tal, analisa-se a sua navega\u00e7\u00e3o na nossa p\u00e1gina web a fim de melhorar a oferta de produtos ou servi\u00e7os que lhe oferecemos.<\/em><\/p>\n\n\n\n<p class=\"has-material-brand-color has-text-color\"><strong><em>Cookies de publicidade:<\/em><\/strong><\/p>\n\n\n\n<p>A Bollo International Fruits pode utilizar servi\u00e7os de terceiros que, por conta da primeira, recolher\u00e3o informa\u00e7\u00f5es com fins estat\u00edsticos, de utiliza\u00e7\u00e3o da p\u00e1gina web por parte do utilizador e para a presta\u00e7\u00e3o de outros servi\u00e7os relacionados com a atividade da p\u00e1gina web e outros servi\u00e7os da Internet.<\/p>\n\n\n\n<p class=\"has-material-brand-color has-text-color\"><br><br><strong><em>2.<\/em><\/strong>     <strong><em>Cookies que utilizamos na nossa p\u00e1gina web em fun\u00e7\u00e3o da propriedade<\/em><\/strong><\/p>\n\n\n\n<p class=\"has-material-brand-color has-text-color\"><br><strong><em>Cookies pr\u00f3prios:<\/em><\/strong><\/p>\n\n\n\n<p><em>S\u00e3o os que se enviam para o equipamento terminal do utilizador a partir de um equipamento ou dom\u00ednio gerido pelo pr\u00f3prio editor e a partir do qual se presta o servi\u00e7o solicitado pelo utilizador.<\/em><\/p>\n\n\n\n<p class=\"has-material-brand-color has-text-color\"><strong><em>Cookies de terceiros:<\/em><\/strong><\/p>\n\n\n\n<p><em>S\u00e3o os que se enviam para o equipamento terminal do utilizador a partir de um equipamento ou dom\u00ednio que n\u00e3o \u00e9 gerido pelo editor, mas sim por outra entidade que trata os dados obtidos atrav\u00e9s dos cookies.<\/em><\/p>\n\n\n\n<p class=\"has-material-brand-color has-text-color\"><br><strong>3.<\/strong>     <strong>Descri\u00e7\u00e3o detalhada dos cookies:<\/strong><\/p>\n<\/div><\/div>\n","protected":false},"excerpt":{"rendered":"<p>Um cookie \u00e9 um ficheiro que \u00e9 descarregado no seu computador ao aceder a determinadas p\u00e1ginas web. Os cookies permitem a uma p\u00e1gina web, entre outras coisas, armazenar e recuperar informa\u00e7\u00f5es sobre os h\u00e1bitos de navega\u00e7\u00e3o de um utilizador ou do seu equipamento e, dependendo das informa\u00e7\u00f5es que contenham e da forma atrav\u00e9s da qual [&hellip;]<\/p>\n","protected":false},"author":1,"featured_media":0,"parent":0,"menu_order":0,"comment_status":"closed","ping_status":"closed","template":"","meta":{"footnotes":""},"class_list":["post-5057","page","type-page","status-publish","hentry"],"_links":{"self":[{"href":"https:\/\/frutasbollo.es\/pt-br\/wp-json\/wp\/v2\/pages\/5057","targetHints":{"allow":["GET"]}}],"collection":[{"href":"https:\/\/frutasbollo.es\/pt-br\/wp-json\/wp\/v2\/pages"}],"about":[{"href":"https:\/\/frutasbollo.es\/pt-br\/wp-json\/wp\/v2\/types\/page"}],"author":[{"embeddable":true,"href":"https:\/\/frutasbollo.es\/pt-br\/wp-json\/wp\/v2\/users\/1"}],"replies":[{"embeddable":true,"href":"https:\/\/frutasbollo.es\/pt-br\/wp-json\/wp\/v2\/comments?post=5057"}],"version-history":[{"count":2,"href":"https:\/\/frutasbollo.es\/pt-br\/wp-json\/wp\/v2\/pages\/5057\/revisions"}],"predecessor-version":[{"id":5059,"href":"https:\/\/frutasbollo.es\/pt-br\/wp-json\/wp\/v2\/pages\/5057\/revisions\/5059"}],"wp:attachment":[{"href":"https:\/\/frutasbollo.es\/pt-br\/wp-json\/wp\/v2\/media?parent=5057"}],"curies":[{"name":"wp","href":"https:\/\/api.w.org\/{rel}","templated":true}]}}