{"id":5060,"date":"2021-12-16T10:21:30","date_gmt":"2021-12-16T08:21:30","guid":{"rendered":"https:\/\/frutasbollo.es\/?page_id=5060"},"modified":"2021-12-16T10:21:31","modified_gmt":"2021-12-16T08:21:31","slug":"politica-de-privacidade","status":"publish","type":"page","link":"https:\/\/frutasbollo.es\/pt-br\/politica-de-privacidade\/","title":{"rendered":"Pol\u00edtica de privacidade"},"content":{"rendered":"\n<div class=\"wp-block-group px-12 mt-12 mb-32 w-2\/3 mx-auto\"><div class=\"wp-block-group__inner-container is-layout-flow wp-block-group-is-layout-flow\">\n<p>A privacidade e a seguran\u00e7a dos seus dados pessoais \u00e9 um dos aspetos importantes na nossa empresa. Tratamos os dados pessoais para que os nossos produtos e servi\u00e7os, bem como a sua experi\u00eancia, sejam cada vez melhores. \u00c9 por isso mesmo que queremos informar de um modo transparente sobre a nossa pol\u00edtica de privacidade para que conhe\u00e7a, a todo o momento, as finalidades do tratamento e os direitos que lhe assistem como titular dos dados pessoais fornecidos.<\/p>\n\n\n\n<p class=\"has-material-brand-color has-text-color\"><br><strong>Introdu\u00e7\u00e3o<\/strong><\/p>\n\n\n\n<p>A presente Pol\u00edtica de Privacidade foi desenvolvida tendo em conta o disposto no Regulamento 2016\/679 do Parlamento Europeu e do Conselho de 27 de abril de 2016 relativo \u00e0 prote\u00e7\u00e3o das pessoas f\u00edsicas no que concerne ao tratamento de dados pessoais e \u00e0 circula\u00e7\u00e3o destes dados, doravante o RGPD.<\/p>\n\n\n\n<p>Esta Pol\u00edtica de Privacidade tem por objetivo dar conhecimento aos titulares dos dados pessoais, relativamente aos quais se est\u00e1 a recolher informa\u00e7\u00e3o, os aspetos espec\u00edficos relativos ao tratamento dos seus dados, entre outras coisas, as finalidades dos tratamentos, os dados de contacto para exercer os direitos que lhe assistem, os prazos de conserva\u00e7\u00e3o das informa\u00e7\u00f5es e as medidas de seguran\u00e7a, entre outras coisas.<\/p>\n\n\n\n<p class=\"has-material-brand-color has-text-color\"><br><strong>Dados identificativos do titular da presente p\u00e1gina web<\/strong><\/p>\n\n\n\n<p>Respons\u00e1vel pelo Tratamento: BOLLO INTERNATIONAL FRUITS, S.L.<\/p>\n\n\n\n<p>Morada: Av la valldigna, S\/N \u2013 46791 Benifair\u00f3 de la Valldigna, Val\u00eancia.<\/p>\n\n\n\n<p>Endere\u00e7o de correio eletr\u00f3nico: info@bollo.es<\/p>\n\n\n\n<p>Contacto do Delegado de Prote\u00e7\u00e3o de Dados: dpo@bollo.es<\/p>\n\n\n\n<p class=\"has-material-brand-color has-text-color\"><br><strong>Tratamento de Dados<\/strong><\/p>\n\n\n\n<p>Os dados de car\u00e1ter pessoal que sejam solicitados, em cada caso, consistir\u00e3o apenas nos estritamente imprescind\u00edveis para identificar e atender ao pedido realizado pelo titular dos mesmos, doravante o interessado. Ditas informa\u00e7\u00f5es ser\u00e3o tratadas de forma leal, l\u00edcita e transparente relativamente ao interessado. Por outro lado, os dados pessoais ser\u00e3o recolhidos para finalidades determinadas expl\u00edcitas e leg\u00edtimas, n\u00e3o sendo ulteriormente tratados de forma incompat\u00edvel com ditos fins.<\/p>\n\n\n\n<p>Os dados recolhidos de cada interessado ser\u00e3o adequados, pertinentes e n\u00e3o excessivos relativamente \u00e0s finalidades correspondentes para cada caso e ser\u00e3o atualizados sempre que for necess\u00e1rio.<\/p>\n\n\n\n<p>O titular dos dados ser\u00e1 informar, com car\u00e1ter pr\u00e9vio \u00e0 recolha dos seus dados, dos extremos gerais regulados nesta pol\u00edtica a fim de que possa prestar o consentimento expresso, preciso e inequ\u00edvoco para o tratamento dos seus dados, de acordo com os seguintes aspetos.<\/p>\n\n\n\n<p class=\"has-material-brand-color has-text-color\"><br><strong>Finalidades do tratamento<\/strong><\/p>\n\n\n\n<p>As finalidades expl\u00edcitas para as quais se levam a cabo cada um dos tratamentos s\u00e3o indicadas nas cl\u00e1usulas informativas incorporadas em cada uma das vias de recolha de dados (formul\u00e1rios web, formul\u00e1rios em papel, locu\u00e7\u00f5es ou cartazes e notas informativas):<\/p>\n\n\n\n<ul class=\"wp-block-list\"><li>Os dados pessoais recolhidos via telefone ou e-mail e do formul\u00e1rio de ajuda da nossa web, tratar-se-\u00e3o para responder \u00e0s suas d\u00favidas, consultas ou sugest\u00f5es.<\/li><li>Caso nos remeta o seu CV, este ser\u00e1 tratado para gerir o seu perfil profissional nas ofertas de emprego e processos de sele\u00e7\u00e3o atuais e tamb\u00e9m futuros.<\/li><\/ul>\n\n\n\n<p class=\"has-material-brand-color has-text-color\"><br><strong>Legitima\u00e7\u00e3o<\/strong><\/p>\n\n\n\n<p>Em regra geral, antes do tratamento dos dados pessoais, a BOLLO INTERNATIONAL FRUITS, S.L obt\u00e9m consentimento expresso e inequ\u00edvoco do titular dos mesmos, mediante a incorpora\u00e7\u00e3o de cl\u00e1usulas de consentimento informado nos diferentes sistemas de recolha de informa\u00e7\u00f5es.<\/p>\n\n\n\n<p>N\u00e3o obstante, caso seja necess\u00e1rio o consentimento do interessado, a base legitimadora do tratamento na qual se ampara a BOLLO INTERNATIONAL FRUITS, S.L \u00e9 a exist\u00eancia de uma lei ou norma espec\u00edfica que autorize o exija o tratamento dos dados do interessado.<\/p>\n\n\n\n<p class=\"has-material-brand-color has-text-color\"><br><strong>Destinat\u00e1rios<\/strong><\/p>\n\n\n\n<p>Em regra geral, a BOLLO INTERNATIONAL FRUITS, S.L n\u00e3o procede \u00e0 cess\u00e3o ou comunica\u00e7\u00e3o dos dados a terceiros, salvo os requeridos legalmente, n\u00e3o obstante, caso seja necess\u00e1rio, ditas cess\u00f5es ou comunica\u00e7\u00f5es de dados ser\u00e3o informadas, em cada caso, ao interessado atrav\u00e9s das cl\u00e1usulas de consentimento informado existentes nas diferentes vias de recolha de dados pessoais.<\/p>\n\n\n\n<p>Partilharemos os dados tratados com prestadores de servi\u00e7os que nos ajudam ou d\u00e3o suporte \u00e0 manuten\u00e7\u00e3o dos servi\u00e7os indicados em seguida, mesmo sendo empresas vinculadas \u00e0 BOLLO INTERNATIONAL FRUITS, S.L.<\/p>\n\n\n\n<p>Os fornecedores com os quais colaboramos s\u00e3o:<\/p>\n\n\n\n<ul class=\"wp-block-list\"><li>fornecedores de servi\u00e7os tecnol\u00f3gicos e anal\u00edticos<\/li><li>fornecedores e colaboradores de servi\u00e7os de log\u00edstica, transporte e entrega<\/li><li>fornecedores e colaboradores de servi\u00e7os relacionados com marketing e publicidade como, por exemplo, ag\u00eancias de publicidade, s\u00f3cios publicit\u00e1rios ou redes sociais.<\/li><\/ul>\n\n\n\n<p class=\"has-material-brand-color has-text-color\"><br><strong>Proced\u00eancia<\/strong><\/p>\n\n\n\n<p>Em regra geral, os dados pessoais s\u00e3o recolhidos sempre diretamente do interessado, n\u00e3o obstante, em determinadas exce\u00e7\u00f5es, os dados podem ser recolhidos atrav\u00e9s de terceiros, entidades ou servi\u00e7os diferentes do interessado. Neste sentido, este extremo ser\u00e3o transferido para o interessado atrav\u00e9s das cl\u00e1usulas de consentimento informado contidas nas diferentes vias de recolha de informa\u00e7\u00e3o e dentro de um prazo razo\u00e1vel, uma vez obtidos os dados e o mais tardar dentro de um m\u00eas.<\/p>\n\n\n\n<p class=\"has-material-brand-color has-text-color\"><br><strong>Prazos de conserva\u00e7\u00e3o<\/strong><\/p>\n\n\n\n<p>As informa\u00e7\u00f5es recolhidas do interessado ser\u00e1 conservada enquanto for necess\u00e1rio para cumprir com a finalidade para a qual foram recolhidos os dados pessoais, de forma que, uma vez cumprida a finalidade, os dados ser\u00e3o cancelados. Dito cancelamento dar\u00e1 lugar ao bloqueio dos dados conservando-se apenas \u00e0 disposi\u00e7\u00e3o das Autoridades P\u00fablicas, Ju\u00edzes e Tribunais, para atender \u00e0s poss\u00edveis responsabilidades nascidas do tratamento, durante o prazo de prescri\u00e7\u00e3o destas, cumprido o citado prazo proceder-se-\u00e1 \u00e0 destrui\u00e7\u00e3o das informa\u00e7\u00f5es.<\/p>\n\n\n\n<p><br><strong>A t\u00edtulo informativo, em seguida indicam-se os prazos legais de conserva\u00e7\u00e3o das informa\u00e7\u00f5es relativamente a diferentes mat\u00e9rias:<\/strong><br><\/p>\n\n\n\n<figure class=\"wp-block-table\"><table><tbody><tr><td>DOCUMENTO<\/td><td>PLAZO<\/td><td>REF. LEGAL<\/td><\/tr><tr><td>Documenta\u00e7\u00e3o de car\u00e1ter laboral ou relacionada com a seguran\u00e7a social<\/td><td>4 anos<\/td><td>Artigo 21 do Real Decreto Legislativo 5\/2000, de 4 de agosto, atrav\u00e9s do qual se aprova o texto reformulado da Lei sobre Infra\u00e7\u00f5es e San\u00e7\u00f5es na Ordem Social<\/td><\/tr><tr><td>Documentaci\u00f3n contable y fiscal a efectos mercantiles<\/td><td>6  anos <\/td><td>Art. 30 C\u00f3digo Comercial<\/td><\/tr><tr><td>Documentaci\u00f3n contable y fiscal a efectos fiscales<\/td><td>4  anos <\/td><td>Artigos 66 a 70 Lei Geral Tribut\u00e1ria<\/td><\/tr><tr><td>Controlo de acessos a edif\u00edcios<\/td><td>1 m\u00eas<\/td><td>Instru\u00e7\u00e3o 1\/1996 da AEPD<\/td><\/tr><tr><td>Videovigil\u00e2ncia<\/td><td>1 m\u00eas<\/td><td>Instru\u00e7\u00e3o 1\/2006 da AEPD<br><\/td><\/tr><tr><td>Curr\u00edculos<\/td><td>2 anos <\/td><td>Sempre que n\u00e3o seja atualizado durante esse per\u00edodo de tempo.<\/td><\/tr><\/tbody><\/table><\/figure>\n\n\n\n<p class=\"has-material-brand-color has-text-color\"><br><strong>Dados de navega\u00e7\u00e3o<\/strong><\/p>\n\n\n\n<p>Relativamente aos dados de navega\u00e7\u00e3o que se possam tratar atrav\u00e9s da p\u00e1gina web, caso se recolham dados submetidos \u00e0 normativa, recomenda-se a consulta da Pol\u00edtica de Cookies publicada na nossa p\u00e1gina web.<\/p>\n\n\n\n<p class=\"has-material-brand-color has-text-color\"><br><strong>Direitos dos interessados<\/strong><\/p>\n\n\n\n<p>A normativa em mat\u00e9ria de prote\u00e7\u00e3o de dados outorga uma s\u00e9rie de direitos aos interessados ou titulares dos dados, utilizadores da p\u00e1gina web ou utilizadores dos perfis das redes sociais da BOLLO INTERNATIONAL FRUITS, S.L.<\/p>\n\n\n\n<p>Estes direitos que assistem \u00e0s pessoas interessadas s\u00e3o os seguintes:<\/p>\n\n\n\n<p>Direito de <strong>acesso<\/strong>: direito a obter informa\u00e7\u00f5es sobre se os seus pr\u00f3prios dados est\u00e3o a ser objeto de tratamento, a finalidade do tratamento que se estiver a realizar, as categorias de dados a tratar, os destinat\u00e1rios ou categorias de destinat\u00e1rios, o prazo de conserva\u00e7\u00e3o e a origem de ditos dados.<\/p>\n\n\n\n<p>Direito de <strong>retifica\u00e7\u00e3o<\/strong>: Direito a obter a retifica\u00e7\u00e3o dos dados pessoais inexatos ou incompletos.<\/p>\n\n\n\n<p>Direito de <strong>supress\u00e3o<\/strong>: Direito a obter a supress\u00e3o dos dados nos seguintes pressupostos:<\/p>\n\n\n\n<p>&#8211; Quando os dados j\u00e1 n\u00e3o forem necess\u00e1rios para a finalidade para a qual foram recolhidos.<\/p>\n\n\n\n<p>&#8211; Quando o titular dos mesmos retirar o consentimento.<\/p>\n\n\n\n<p>&#8211; Quando o interessado se opuser ao tratamento.<\/p>\n\n\n\n<p>&#8211; Quando tiverem de ser suprimidos em cumprimento de uma obriga\u00e7\u00e3o legal.<\/p>\n\n\n\n<p>&#8211; Quando os dados tiverem sido obtidos em virtude de um servi\u00e7o de sociedade da informa\u00e7\u00e3o com base no disposto no art.8 ponto 1 do Regulamento Europeu sobre Prote\u00e7\u00e3o de Dados.<\/p>\n\n\n\n<p>Direito de <strong>oposi\u00e7\u00e3o<\/strong>: Direito a opor-se a um determinado tratamento baseado no consentimento do interessado.<\/p>\n\n\n\n<p>Direito de <strong>limita\u00e7\u00e3o<\/strong>: Direito a obter a limita\u00e7\u00e3o do tratamento dos dados quando ocorrer qualquer um dos seguintes pressupostos:<\/p>\n\n\n\n<p>&#8211; Quando o interessado impugnar a exatid\u00e3o dos dados pessoais, durante um prazo que permita \u00e0 empresa verificar a exatid\u00e3o dos mesmos.<\/p>\n\n\n\n<p>&#8211; Quando o tratamento for il\u00edcito e o interessado se opuser \u00e0 supress\u00e3o dos dados.<\/p>\n\n\n\n<p>&#8211; Quando a empresa j\u00e1 n\u00e3o necessitar dos dados para os fins para os quais foram recolhidos, mas o interessado necessite deles para a formula\u00e7\u00e3o, o exerc\u00edcio ou a defesa de reclama\u00e7\u00f5es.<\/p>\n\n\n\n<p>&#8211; Quando o interessado se tiver oposto ao tratamento enquanto se verifica se os motivos leg\u00edtimos da empresa prevalecem sobre os do interessado.<\/p>\n\n\n\n<p>Direito \u00e0 <strong>portabilidade<\/strong>: Direito a obter os dados num formato estruturado, de utiliza\u00e7\u00e3o comum e de leitura mec\u00e2nica, e a transmiti-los a outro respons\u00e1vel pelo tratamento quando:<\/p>\n\n\n\n<p>&#8211; O tratamento estiver baseado no consentimento<\/p>\n\n\n\n<p>&#8211; O tratamento ser efetuado atrav\u00e9s de meios autom\u00e1ticos<\/p>\n\n\n\n<p>Los interesados tienen derecho a presentar una reclamaci\u00f3n si considera que alguno de los tratamientos que Os interessados t\u00eam direito a apresentar uma reclama\u00e7\u00e3o se considerarem que algum dos tratamentos que efetuamos n\u00e3o se ajustam \u00e0 normativa vigente, cumprir-se-\u00e1 sempre o seu pedido com a maior brevidade poss\u00edvel e tendo em conta os prazos previstos na normativa em mat\u00e9ria de prote\u00e7\u00e3o de dados. Para tal, informamos que na BOLLO INTERNATIONAL FRUITS, S.L contamos com um Delegado de Prote\u00e7\u00e3o de Dados que se encarrega de velar pelo cumprimento da normativa vigente e ao qual se pode dirigir atrav\u00e9s do endere\u00e7o de correio eletr\u00f3nico dpo@bollo.es. N\u00e3o obstante, tem igualmente direito a dirigir-se diretamente \u00e0 Autoridade de Controlo (neste caso, a Ag\u00eancia Espanhola de Prote\u00e7\u00e3o de Dados, \u2013 <a href=\"http:\/\/www.agpd.es\/\">http:\/\/www.agpd.es<\/a> &#8211; Jorge Juan, 6. 28001 \u2013 Madrid (901 100 099 &#8211; 912 663 517).<\/p>\n\n\n\n<p class=\"has-material-brand-color has-text-color\"><br><strong>Seguran\u00e7a<\/strong><\/p>\n\n\n\n<p>As medidas de seguran\u00e7a adotadas pela BOLLO INTERNATIONAL FRUITS, S.L s\u00e3o as necess\u00e1rias, em conformidade com o estabelecido no artigo 32 do RGPD. Neste sentido, a BOLLO INTERNATIONAL FRUITS, S.L, tendo em conta o estado da t\u00e9cnica, os custos de aplica\u00e7\u00e3o e a natureza, o alcance, o contexto e os fins de tratamento, bem como os riscos de probabilidade e gravidade vari\u00e1veis para os direitos e para as liberdades das pessoas f\u00edsicas, tem estabelecidas as medidas t\u00e9cnicas e organizativas adequadas para garantir o n\u00edvel de seguran\u00e7a adequado ao risco existente.<\/p>\n\n\n\n<p>En todo caso, BOLLO INTERNATIONAL FRUITS, S.L. tiene iEm todo o caso, a BOLLO INTERNATIONAL FRUITS, S.L tem implementados os mecanismos suficientes para:<\/p>\n\n\n\n<p>&#8211; Garantir a confidencialidade, integridade, disponibilidade e resili\u00eancia permanentes dos sistemas e servi\u00e7os de tratamento.<\/p>\n\n\n\n<p>&#8211; Restaurar la disponibilidad y el accesRestaurar a disponibilidade e o acesso aos dados pessoais de forma r\u00e1pida, no caso de incidente f\u00edsico ou t\u00e9cnico.<\/p>\n\n\n\n<p>&#8211; Verificar, avaliar e verificar, de forma regular, a efic\u00e1cia das medidas t\u00e9cnicas e organizativas implementadas para garantir a seguran\u00e7a do tratamento.<\/p>\n\n\n\n<p>&#8211; Seudonimizar y cifrar los datoPseudonimizar e criptografar os dados pessoais, em cada caso.<\/p>\n\n\n\n<hr class=\"wp-block-separator\"\/>\n\n\n\n<p class=\"has-material-brand-color has-text-color\"><strong>INFORMA\u00c7\u00d5ES B\u00c1SICAS<\/strong><\/p>\n\n\n\n<p>Informa\u00e7\u00f5es B\u00e1sicas de Contacto (sob a al\u00e7ada dos dados de contacto)<\/p>\n\n\n\n<p>A Bollo International Fruits, S.L. \u00e9 respons\u00e1vel pelo tratamento dos dados fornecidos com a finalidade de gerir qualquer pedido de informa\u00e7\u00e3o, as d\u00favidas, consultas ou sugest\u00f5es que nos transmita atrav\u00e9s dos canais de contacto com a nossa empresa, baseando-nos no consentimento manifestado ao remeter tais informa\u00e7\u00f5es.<\/p>\n\n\n\n<p>Poder\u00e1 exercer os direitos de acesso, retifica\u00e7\u00e3o, supress\u00e3o, oposi\u00e7\u00e3o, limita\u00e7\u00e3o e portabilidade tal como se explica nas informa\u00e7\u00f5es adicionais sobre prote\u00e7\u00e3o de dados <strong>(link).<\/strong><\/p>\n\n\n\n<p>Informa\u00e7\u00f5es b\u00e1sicas formul\u00e1rio Em que podemos ajudar?<\/p>\n\n\n\n<p>A Bollo International Fruits, S.L. \u00e9 respons\u00e1vel pelo tratamento dos dados fornecidos com a finalidade de gerir as d\u00favidas, consultas ou sugest\u00f5es que lhe surjam, baseando-nos no consentimento manifestado ao aceitar a pol\u00edtica de privacidade.<\/p>\n\n\n\n<p>Poder\u00e1 exercer os direitos de acesso, retifica\u00e7\u00e3o, supress\u00e3o, oposi\u00e7\u00e3o, limita\u00e7\u00e3o e portabilidade tal como se explica nas informa\u00e7\u00f5es adicionais sobre prote\u00e7\u00e3o de dados<strong> (link).<\/strong><\/p>\n\n\n\n<p>IInforma\u00e7\u00f5es b\u00e1sicas envio de CV futuro formul\u00e1rio \u00abTrabalhe connosco\u00bb<\/p>\n\n\n\n<p>A Bollo International Fruits, S.L. \u00e9 respons\u00e1vel pelo tratamento dos dados fornecidos com a finalidade de gerir o seu perfil profissional tanto nas ofertas de emprego e os processos de sele\u00e7\u00e3o atuais, como os que se convoquem no futuro, com base no consentimento manifestado ao enviar-nos o seu CV.<\/p>\n\n\n\n<p>Poder\u00e1 exercer os direitos de acesso, retifica\u00e7\u00e3o, supress\u00e3o, oposi\u00e7\u00e3o, limita\u00e7\u00e3o e portabilidade tal como se explica nas informa\u00e7\u00f5es adicionais sobre prote\u00e7\u00e3o de dados <strong>(link).<\/strong><\/p>\n<\/div><\/div>\n","protected":false},"excerpt":{"rendered":"<p>A privacidade e a seguran\u00e7a dos seus dados pessoais \u00e9 um dos aspetos importantes na nossa empresa. Tratamos os dados pessoais para que os nossos produtos e servi\u00e7os, bem como a sua experi\u00eancia, sejam cada vez melhores. \u00c9 por isso mesmo que queremos informar de um modo transparente sobre a nossa pol\u00edtica de privacidade para [&hellip;]<\/p>\n","protected":false},"author":1,"featured_media":0,"parent":0,"menu_order":0,"comment_status":"closed","ping_status":"closed","template":"","meta":{"footnotes":""},"class_list":["post-5060","page","type-page","status-publish","hentry"],"_links":{"self":[{"href":"https:\/\/frutasbollo.es\/pt-br\/wp-json\/wp\/v2\/pages\/5060","targetHints":{"allow":["GET"]}}],"collection":[{"href":"https:\/\/frutasbollo.es\/pt-br\/wp-json\/wp\/v2\/pages"}],"about":[{"href":"https:\/\/frutasbollo.es\/pt-br\/wp-json\/wp\/v2\/types\/page"}],"author":[{"embeddable":true,"href":"https:\/\/frutasbollo.es\/pt-br\/wp-json\/wp\/v2\/users\/1"}],"replies":[{"embeddable":true,"href":"https:\/\/frutasbollo.es\/pt-br\/wp-json\/wp\/v2\/comments?post=5060"}],"version-history":[{"count":2,"href":"https:\/\/frutasbollo.es\/pt-br\/wp-json\/wp\/v2\/pages\/5060\/revisions"}],"predecessor-version":[{"id":5062,"href":"https:\/\/frutasbollo.es\/pt-br\/wp-json\/wp\/v2\/pages\/5060\/revisions\/5062"}],"wp:attachment":[{"href":"https:\/\/frutasbollo.es\/pt-br\/wp-json\/wp\/v2\/media?parent=5060"}],"curies":[{"name":"wp","href":"https:\/\/api.w.org\/{rel}","templated":true}]}}